{"id":1537,"date":"2018-08-24T14:22:23","date_gmt":"2018-08-24T11:22:23","guid":{"rendered":"https:\/\/motopower-naxos.com\/?page_id=1537"},"modified":"2025-03-31T10:30:10","modified_gmt":"2025-03-31T07:30:10","slug":"privacy-policy","status":"publish","type":"page","link":"https:\/\/motopower-naxos.com\/it\/privacy-policy\/","title":{"rendered":"Politica sulla privacy"},"content":{"rendered":"\n<h3 class=\"gb-headline gb-headline-c62a7e31 gb-headline-text\">Chi siamo<\/h3>\n\n\n\n<p>L&#8217;indirizzo del sito web \u00e8: <a class=\"\" href=\"https:\/\/motopower-naxos.com\/it\/\">https:\/\/motopower-naxos.com<\/a><\/p>\n\n\n\n<h3 class=\"gb-headline gb-headline-34e24cf2 gb-headline-text\">Quali dati personali raccogliamo e perch\u00e9<\/h3>\n\n\n\n<p>Durante la tua visita al nostro sito web, la nostra azienda pu\u00f2 raccogliere i seguenti dati personali per i seguenti scopi:<\/p>\n\n\n\n<ul class=\"wp-block-list\">\n<li>Quando ci contatti tramite il modulo di contatto del sito per scopi di assistenza clienti, ti verr\u00e0 chiesto di fornire i tuoi dettagli personali come nome, indirizzo, numero di telefono e email.<\/li>\n\n\n\n<li>Se lasci un commento sul nostro sito, puoi scegliere di salvare il tuo nome, indirizzo email e sito web nei cookie. Questi sono per tua comodit\u00e0, in modo che tu non debba inserire nuovamente i tuoi dettagli quando lasci un altro commento. Questi cookie dureranno per un anno.<\/li>\n<\/ul>\n\n\n\n<h3 class=\"gb-headline gb-headline-dad43dc7 gb-headline-text\">Cookie<\/h3>\n\n\n\n<p><em>Cosa sono i cookie<\/em><\/p>\n\n\n\n<p>I cookie sono piccoli file di testo che vengono memorizzati nel browser dell&#8217;utente quando visita un sito web, permettendo al sito di riconoscere l&#8217;utente la prossima volta che visita. I cookie non contengono informazioni personali che consentano a chiunque di contattare il visitatore del sito, come indirizzi email, ecc.<\/p>\n\n\n\n<p>Utilizziamo i cookie per aiutarti a navigare in modo efficiente e svolgere determinate funzioni. I cookie categorizzati come &#8220;Necessari&#8221; vengono memorizzati nel tuo browser in quanto sono essenziali per abilitare le funzioni di base del sito web.<\/p>\n\n\n\n<p>Utilizziamo anche cookie di terze parti che ci aiutano ad analizzare come utilizzi questo sito web, memorizzare le tue preferenze e fornire contenuti e annunci pertinenti. Questi cookie verranno memorizzati nel tuo browser solo con il tuo consenso.<\/p>\n\n\n\n<p>Puoi scegliere di abilitare o disabilitare alcuni o tutti questi cookie, ma disabilitarne alcuni potrebbe influenzare la tua esperienza di navigazione.<\/p>\n\n\n\n<p><strong>Tipi di cookie<\/strong><\/p>\n\n\n\n<p>L&#8217;azienda potrebbe utilizzare i seguenti tipi di cookie:<\/p>\n\n\n\n<ul class=\"wp-block-list\">\n<li><strong>Cookie necessari<\/strong><br>I cookie necessari, assolutamente essenziali, sono cruciali per il corretto funzionamento del sito web. Permettono di navigare e utilizzare le sue funzionalit\u00e0, come l&#8217;accesso a aree sicure. I cookie necessari non riconoscono la tua identit\u00e0 individuale, e senza di essi non possiamo fornire un&#8217;esperienza web efficace.<\/li>\n\n\n\n<li><strong>Cookie di performance \/ analitici<\/strong><br>I cookie di performance raccolgono informazioni su come i visitatori utilizzano il sito web, come le pagine che visitano pi\u00f9 frequentemente. Questi cookie raccolgono dati aggregati e anonimi che non identificano il visitatore. Queste informazioni vengono utilizzate esclusivamente per migliorare le prestazioni del sito web.<\/li>\n\n\n\n<li><strong>Cookie di funzionalit\u00e0<\/strong><br>I cookie di funzionalit\u00e0 permettono al sito di ricordare le scelte dell&#8217;utente come nome utente, lingua o regione, nonch\u00e9 le impostazioni che sono state applicate, per fornire funzionalit\u00e0 migliorate e personalizzate. Possono anche essere utilizzati per fornire servizi richiesti dall&#8217;utente, come la visualizzazione di video o l&#8217;utilizzo di social media. Le informazioni raccolte da questi cookie possono essere anonimizzate e non possono tracciare l&#8217;attivit\u00e0 di navigazione su altri siti web. Se non accetti i cookie di funzionalit\u00e0, potrebbe influire sulle prestazioni e funzionalit\u00e0 del sito web e limitare l&#8217;accesso a determinati contenuti.<\/li>\n\n\n\n<li><strong>Contenuti incorporati da altri siti web<\/strong><br>Gli articoli su questo sito potrebbero includere contenuti incorporati da altri siti web (ad esempio, video, immagini, articoli, ecc.). Il contenuto incorporato da altri siti web si comporta allo stesso modo come se il visitatore avesse visitato l&#8217;altro sito.<\/li>\n<\/ul>\n\n\n\n<p>Questi siti web possono raccogliere dati su di te, utilizzare cookie, incorporare ulteriore tracciamento di terze parti e monitorare la tua interazione con il contenuto incorporato, inclusa la tracciatura della tua interazione con il contenuto se hai un account e sei loggato in quel sito web. Pertanto, non siamo responsabili di ci\u00f2.<\/p>\n\n\n\n<h3 class=\"gb-headline gb-headline-ed068b7e gb-headline-text\">Con chi condividiamo i tuoi dati<\/h3>\n\n\n\n<p>L&#8217;accesso ai dati che fornisci \u00e8 concesso al dipartimento competente della nostra azienda, per il fine di assisterti.<\/p>\n\n\n\n<p><strong>Diritti sui tuoi dati<\/strong><\/p>\n\n\n\n<p>Se hai un account su questo sito, hai compilato un modulo di contatto, o hai lasciato dei commenti, puoi richiedere di ricevere un file esportato dei dati personali che conserviamo su di te, inclusi i dati che ci hai fornito. Puoi anche richiedere la cancellazione di qualsiasi dato personale che conserviamo su di te. Questo non include i dati che siamo tenuti a conservare per scopi amministrativi, legali o di sicurezza.<\/p>\n\n\n\n<p>Puoi notificarci e richiedere la cancellazione dei dati che possiamo aver conservato chiamando il numero <a href=\"tel:+302285042046\">+30 22850 42046<\/a> o inviando una email a <a>info@motopower-naxos.com<\/a>.<\/p>\n\n\n\n<p>L&#8217;azienda si riserva il diritto di modificare, alterare o modificare quanto sopra in qualsiasi momento senza preavviso, nel contesto dell&#8217;attuale o potenziale quadro legale.<\/p>\n","protected":false},"excerpt":{"rendered":"<p>Chi siamo L&#8217;indirizzo del sito web \u00e8: https:\/\/motopower-naxos.com Quali dati personali raccogliamo e perch\u00e9 Durante la tua visita al nostro sito web, la nostra azienda &#8230; <\/p>\n<p class=\"read-more-container\"><a title=\"Politica sulla privacy\" class=\"read-more button\" href=\"https:\/\/motopower-naxos.com\/it\/privacy-policy\/#more-1537\" aria-label=\"Per saperne di pi\u00f9 su Politica sulla privacy\">Read more<\/a><\/p>\n","protected":false},"author":13,"featured_media":0,"parent":0,"menu_order":5,"comment_status":"closed","ping_status":"closed","template":"","meta":{"_acf_changed":false,"footnotes":""},"class_list":["post-1537","page","type-page","status-publish"],"acf":[],"yoast_head":"<!-- This site is optimized with the Yoast SEO plugin v27.0 - https:\/\/yoast.com\/product\/yoast-seo-wordpress\/ -->\n<title>Politica sulla privacy | MOTO POWER<\/title>\n<meta name=\"robots\" content=\"index, follow, max-snippet:-1, max-image-preview:large, max-video-preview:-1\" \/>\n<link rel=\"canonical\" href=\"https:\/\/motopower-naxos.com\/it\/privacy-policy\/\" \/>\n<meta property=\"og:locale\" content=\"it_IT\" \/>\n<meta property=\"og:type\" content=\"article\" \/>\n<meta property=\"og:title\" content=\"Politica sulla privacy | MOTO POWER\" \/>\n<meta property=\"og:description\" content=\"Chi siamo L&#8217;indirizzo del sito web \u00e8: https:\/\/motopower-naxos.com Quali dati personali raccogliamo e perch\u00e9 Durante la tua visita al nostro sito web, la nostra azienda ... Read more\" \/>\n<meta property=\"og:url\" content=\"https:\/\/motopower-naxos.com\/it\/privacy-policy\/\" \/>\n<meta property=\"og:site_name\" content=\"MOTO POWER\" \/>\n<meta property=\"article:modified_time\" content=\"2025-03-31T07:30:10+00:00\" \/>\n<meta property=\"og:image\" content=\"https:\/\/motopower-naxos.com\/wp-content\/uploads\/2024\/10\/footer-bg.jpg\" \/>\n\t<meta property=\"og:image:width\" content=\"1920\" \/>\n\t<meta property=\"og:image:height\" content=\"950\" \/>\n\t<meta property=\"og:image:type\" content=\"image\/jpeg\" \/>\n<meta name=\"twitter:card\" content=\"summary_large_image\" \/>\n<meta name=\"twitter:label1\" content=\"Tempo di lettura stimato\" \/>\n\t<meta name=\"twitter:data1\" content=\"4 minuti\" \/>\n<script type=\"application\/ld+json\" class=\"yoast-schema-graph\">{\"@context\":\"https:\/\/schema.org\",\"@graph\":[{\"@type\":\"WebPage\",\"@id\":\"https:\/\/motopower-naxos.com\/it\/privacy-policy\/\",\"url\":\"https:\/\/motopower-naxos.com\/it\/privacy-policy\/\",\"name\":\"Politica sulla privacy | MOTO POWER\",\"isPartOf\":{\"@id\":\"https:\/\/motopower-naxos.com\/it\/#website\"},\"datePublished\":\"2018-08-24T11:22:23+00:00\",\"dateModified\":\"2025-03-31T07:30:10+00:00\",\"breadcrumb\":{\"@id\":\"https:\/\/motopower-naxos.com\/it\/privacy-policy\/#breadcrumb\"},\"inLanguage\":\"it-IT\",\"potentialAction\":[{\"@type\":\"ReadAction\",\"target\":[\"https:\/\/motopower-naxos.com\/it\/privacy-policy\/\"]}]},{\"@type\":\"BreadcrumbList\",\"@id\":\"https:\/\/motopower-naxos.com\/it\/privacy-policy\/#breadcrumb\",\"itemListElement\":[{\"@type\":\"ListItem\",\"position\":1,\"name\":\"Home\",\"item\":\"https:\/\/motopower-naxos.com\/it\/\"},{\"@type\":\"ListItem\",\"position\":2,\"name\":\"Politica sulla privacy\"}]},{\"@type\":\"WebSite\",\"@id\":\"https:\/\/motopower-naxos.com\/it\/#website\",\"url\":\"https:\/\/motopower-naxos.com\/it\/\",\"name\":\"Moto Power Naxos\",\"description\":\"\",\"publisher\":{\"@id\":\"https:\/\/motopower-naxos.com\/it\/#organization\"},\"alternateName\":\"Moto Power Rent A Car Naxos\",\"potentialAction\":[{\"@type\":\"SearchAction\",\"target\":{\"@type\":\"EntryPoint\",\"urlTemplate\":\"https:\/\/motopower-naxos.com\/it\/?s={search_term_string}\"},\"query-input\":{\"@type\":\"PropertyValueSpecification\",\"valueRequired\":true,\"valueName\":\"search_term_string\"}}],\"inLanguage\":\"it-IT\"},{\"@type\":\"Organization\",\"@id\":\"https:\/\/motopower-naxos.com\/it\/#organization\",\"name\":\"Moto Power Naxos\",\"url\":\"https:\/\/motopower-naxos.com\/it\/\",\"logo\":{\"@type\":\"ImageObject\",\"inLanguage\":\"it-IT\",\"@id\":\"https:\/\/motopower-naxos.com\/it\/#\/schema\/logo\/image\/\",\"url\":\"https:\/\/motopower-naxos.com\/wp-content\/uploads\/2024\/10\/logo.png\",\"contentUrl\":\"https:\/\/motopower-naxos.com\/wp-content\/uploads\/2024\/10\/logo.png\",\"width\":283,\"height\":51,\"caption\":\"Moto Power Naxos\"},\"image\":{\"@id\":\"https:\/\/motopower-naxos.com\/it\/#\/schema\/logo\/image\/\"}}]}<\/script>\n<!-- \/ Yoast SEO plugin. -->","yoast_head_json":{"title":"Politica sulla privacy | MOTO POWER","robots":{"index":"index","follow":"follow","max-snippet":"max-snippet:-1","max-image-preview":"max-image-preview:large","max-video-preview":"max-video-preview:-1"},"canonical":"https:\/\/motopower-naxos.com\/it\/privacy-policy\/","og_locale":"it_IT","og_type":"article","og_title":"Politica sulla privacy | MOTO POWER","og_description":"Chi siamo L&#8217;indirizzo del sito web \u00e8: https:\/\/motopower-naxos.com Quali dati personali raccogliamo e perch\u00e9 Durante la tua visita al nostro sito web, la nostra azienda ... Read more","og_url":"https:\/\/motopower-naxos.com\/it\/privacy-policy\/","og_site_name":"MOTO POWER","article_modified_time":"2025-03-31T07:30:10+00:00","og_image":[{"width":1920,"height":950,"url":"https:\/\/motopower-naxos.com\/wp-content\/uploads\/2024\/10\/footer-bg.jpg","type":"image\/jpeg"}],"twitter_card":"summary_large_image","twitter_misc":{"Tempo di lettura stimato":"4 minuti"},"schema":{"@context":"https:\/\/schema.org","@graph":[{"@type":"WebPage","@id":"https:\/\/motopower-naxos.com\/it\/privacy-policy\/","url":"https:\/\/motopower-naxos.com\/it\/privacy-policy\/","name":"Politica sulla privacy | MOTO POWER","isPartOf":{"@id":"https:\/\/motopower-naxos.com\/it\/#website"},"datePublished":"2018-08-24T11:22:23+00:00","dateModified":"2025-03-31T07:30:10+00:00","breadcrumb":{"@id":"https:\/\/motopower-naxos.com\/it\/privacy-policy\/#breadcrumb"},"inLanguage":"it-IT","potentialAction":[{"@type":"ReadAction","target":["https:\/\/motopower-naxos.com\/it\/privacy-policy\/"]}]},{"@type":"BreadcrumbList","@id":"https:\/\/motopower-naxos.com\/it\/privacy-policy\/#breadcrumb","itemListElement":[{"@type":"ListItem","position":1,"name":"Home","item":"https:\/\/motopower-naxos.com\/it\/"},{"@type":"ListItem","position":2,"name":"Politica sulla privacy"}]},{"@type":"WebSite","@id":"https:\/\/motopower-naxos.com\/it\/#website","url":"https:\/\/motopower-naxos.com\/it\/","name":"Moto Power Naxos","description":"","publisher":{"@id":"https:\/\/motopower-naxos.com\/it\/#organization"},"alternateName":"Moto Power Rent A Car Naxos","potentialAction":[{"@type":"SearchAction","target":{"@type":"EntryPoint","urlTemplate":"https:\/\/motopower-naxos.com\/it\/?s={search_term_string}"},"query-input":{"@type":"PropertyValueSpecification","valueRequired":true,"valueName":"search_term_string"}}],"inLanguage":"it-IT"},{"@type":"Organization","@id":"https:\/\/motopower-naxos.com\/it\/#organization","name":"Moto Power Naxos","url":"https:\/\/motopower-naxos.com\/it\/","logo":{"@type":"ImageObject","inLanguage":"it-IT","@id":"https:\/\/motopower-naxos.com\/it\/#\/schema\/logo\/image\/","url":"https:\/\/motopower-naxos.com\/wp-content\/uploads\/2024\/10\/logo.png","contentUrl":"https:\/\/motopower-naxos.com\/wp-content\/uploads\/2024\/10\/logo.png","width":283,"height":51,"caption":"Moto Power Naxos"},"image":{"@id":"https:\/\/motopower-naxos.com\/it\/#\/schema\/logo\/image\/"}}]}},"_links":{"self":[{"href":"https:\/\/motopower-naxos.com\/it\/wp-json\/wp\/v2\/pages\/1537","targetHints":{"allow":["GET"]}}],"collection":[{"href":"https:\/\/motopower-naxos.com\/it\/wp-json\/wp\/v2\/pages"}],"about":[{"href":"https:\/\/motopower-naxos.com\/it\/wp-json\/wp\/v2\/types\/page"}],"author":[{"embeddable":true,"href":"https:\/\/motopower-naxos.com\/it\/wp-json\/wp\/v2\/users\/13"}],"replies":[{"embeddable":true,"href":"https:\/\/motopower-naxos.com\/it\/wp-json\/wp\/v2\/comments?post=1537"}],"version-history":[{"count":3,"href":"https:\/\/motopower-naxos.com\/it\/wp-json\/wp\/v2\/pages\/1537\/revisions"}],"predecessor-version":[{"id":1846,"href":"https:\/\/motopower-naxos.com\/it\/wp-json\/wp\/v2\/pages\/1537\/revisions\/1846"}],"wp:attachment":[{"href":"https:\/\/motopower-naxos.com\/it\/wp-json\/wp\/v2\/media?parent=1537"}],"curies":[{"name":"wp","href":"https:\/\/api.w.org\/{rel}","templated":true}]}}