{"id":1516,"date":"2024-10-23T14:55:52","date_gmt":"2024-10-23T11:55:52","guid":{"rendered":"https:\/\/motopower-naxos.com\/?page_id=1516"},"modified":"2025-03-31T10:22:30","modified_gmt":"2025-03-31T07:22:30","slug":"faqs","status":"publish","type":"page","link":"https:\/\/motopower-naxos.com\/it\/faqs\/","title":{"rendered":"Domande frequenti"},"content":{"rendered":"<div class=\"gb-container gb-container-b3bc94b2 faqs-section1\">\n<div class=\"gb-container gb-container-ed204a84 inner-container\">\n<div class=\"yoast-breadcrumbs\"><span><span><a href=\"https:\/\/motopower-naxos.com\/it\/\">Home<\/a><\/span> | <span class=\"breadcrumb_last\" aria-current=\"page\">Domande frequenti<\/span><\/span><\/div>\n\n<div class=\"gb-container gb-container-31b30952 gb-accordion\">\n<div class=\"gb-container gb-container-007d37e2 gb-accordion__item gb-accordion__item-open\" data-transition=\"slide\">\n\n<button class=\"gb-button gb-button-95419681 gb-accordion__toggle gb-block-is-current\" id=\"gb-accordion-toggle-95419681\"><span class=\"gb-button-text\">Quale patente \u00e8 necessaria?<\/span><span class=\"gb-icon\"><svg xmlns=\"http:\/\/www.w3.org\/2000\/svg\" viewBox=\"0 0 448 512\" width=\"1em\" height=\"1em\" aria-hidden=\"true\" role=\"img\" class=\"gb-accordion__icon\"><path d=\"M207.029 381.476L12.686 187.132c-9.373-9.373-9.373-24.569 0-33.941l22.667-22.667c9.357-9.357 24.522-9.375 33.901-.04L224 284.505l154.745-154.021c9.379-9.335 24.544-9.317 33.901.04l22.667 22.667c9.373 9.373 9.373 24.569 0 33.941L240.971 381.476c-9.373 9.372-24.569 9.372-33.942 0z\" fill=\"currentColor\"><\/path><\/svg><svg xmlns=\"http:\/\/www.w3.org\/2000\/svg\" viewBox=\"0 0 448 512\" width=\"1em\" height=\"1em\" aria-hidden=\"true\" role=\"img\" class=\"gb-accordion__icon-open\"><path d=\"M240.971 130.524l194.343 194.343c9.373 9.373 9.373 24.569 0 33.941l-22.667 22.667c-9.357 9.357-24.522 9.375-33.901.04L224 227.495 69.255 381.516c-9.379 9.335-24.544 9.317-33.901-.04l-22.667-22.667c-9.373-9.373-9.373-24.569 0-33.941L207.03 130.525c9.372-9.373 24.568-9.373 33.941-.001z\" fill=\"currentColor\"><\/path><\/svg><\/span><\/button>\n\n\n<div id=\"gb-accordion-content-d8be7918\" class=\"gb-accordion__content\"><div class=\"gb-container gb-container-d8be7918\">\n\n<p>\u00c8 necessaria una patente di guida valida, con almeno un anno di esperienza.<\/p>\n\n<\/div><\/div>\n<\/div>\n\n<div class=\"gb-container gb-container-c2588e35 gb-accordion__item\" data-transition=\"slide\">\n\n<button class=\"gb-button gb-button-d55921c2 gb-accordion__toggle\" id=\"gb-accordion-toggle-d55921c2\"><span class=\"gb-button-text\">Qual \u00e8 la durata minima del noleggio?<\/span><span class=\"gb-icon\"><svg xmlns=\"http:\/\/www.w3.org\/2000\/svg\" viewBox=\"0 0 448 512\" width=\"1em\" height=\"1em\" aria-hidden=\"true\" role=\"img\" class=\"gb-accordion__icon\"><path d=\"M207.029 381.476L12.686 187.132c-9.373-9.373-9.373-24.569 0-33.941l22.667-22.667c9.357-9.357 24.522-9.375 33.901-.04L224 284.505l154.745-154.021c9.379-9.335 24.544-9.317 33.901.04l22.667 22.667c9.373 9.373 9.373 24.569 0 33.941L240.971 381.476c-9.373 9.372-24.569 9.372-33.942 0z\" fill=\"currentColor\"><\/path><\/svg><svg xmlns=\"http:\/\/www.w3.org\/2000\/svg\" viewBox=\"0 0 448 512\" width=\"1em\" height=\"1em\" aria-hidden=\"true\" role=\"img\" class=\"gb-accordion__icon-open\"><path d=\"M240.971 130.524l194.343 194.343c9.373 9.373 9.373 24.569 0 33.941l-22.667 22.667c-9.357 9.357-24.522 9.375-33.901.04L224 227.495 69.255 381.516c-9.379 9.335-24.544 9.317-33.901-.04l-22.667-22.667c-9.373-9.373-9.373-24.569 0-33.941L207.03 130.525c9.372-9.373 24.568-9.373 33.941-.001z\" fill=\"currentColor\"><\/path><\/svg><\/span><\/button>\n\n\n<div id=\"gb-accordion-content-8c3585da\" class=\"gb-accordion__content\"><div class=\"gb-container gb-container-8c3585da\">\n\n<p>La durata minima del noleggio \u00e8 di un giorno.<\/p>\n\n<\/div><\/div>\n<\/div>\n\n<div class=\"gb-container gb-container-80e2d1b8 gb-accordion__item\" data-transition=\"slide\">\n\n<button class=\"gb-button gb-button-23395c06 gb-accordion__toggle\" id=\"gb-accordion-toggle-23395c06\"><span class=\"gb-button-text\">Qual \u00e8 il requisito di garanzia?<\/span><span class=\"gb-icon\"><svg xmlns=\"http:\/\/www.w3.org\/2000\/svg\" viewBox=\"0 0 448 512\" width=\"1em\" height=\"1em\" aria-hidden=\"true\" role=\"img\" class=\"gb-accordion__icon\"><path d=\"M207.029 381.476L12.686 187.132c-9.373-9.373-9.373-24.569 0-33.941l22.667-22.667c9.357-9.357 24.522-9.375 33.901-.04L224 284.505l154.745-154.021c9.379-9.335 24.544-9.317 33.901.04l22.667 22.667c9.373 9.373 9.373 24.569 0 33.941L240.971 381.476c-9.373 9.372-24.569 9.372-33.942 0z\" fill=\"currentColor\"><\/path><\/svg><svg xmlns=\"http:\/\/www.w3.org\/2000\/svg\" viewBox=\"0 0 448 512\" width=\"1em\" height=\"1em\" aria-hidden=\"true\" role=\"img\" class=\"gb-accordion__icon-open\"><path d=\"M240.971 130.524l194.343 194.343c9.373 9.373 9.373 24.569 0 33.941l-22.667 22.667c-9.357 9.357-24.522 9.375-33.901.04L224 227.495 69.255 381.516c-9.379 9.335-24.544 9.317-33.901-.04l-22.667-22.667c-9.373-9.373-9.373-24.569 0-33.941L207.03 130.525c9.372-9.373 24.568-9.373 33.941-.001z\" fill=\"currentColor\"><\/path><\/svg><\/span><\/button>\n\n\n<div id=\"gb-accordion-content-b7b790cf\" class=\"gb-accordion__content\"><div class=\"gb-container gb-container-b7b790cf\">\n\n<p>\u00c8 obbligatoria una carta di credito per il noleggio del veicolo, e accettiamo tutte le principali carte di credito.<\/p>\n\n<\/div><\/div>\n<\/div>\n\n<div class=\"gb-container gb-container-1321b9c9 gb-accordion__item\" data-transition=\"slide\">\n\n<button class=\"gb-button gb-button-0a205558 gb-accordion__toggle\" id=\"gb-accordion-toggle-0a205558\"><span class=\"gb-button-text\">Quale assicurazione \u00e8 inclusa?<\/span><span class=\"gb-icon\"><svg xmlns=\"http:\/\/www.w3.org\/2000\/svg\" viewBox=\"0 0 448 512\" width=\"1em\" height=\"1em\" aria-hidden=\"true\" role=\"img\" class=\"gb-accordion__icon\"><path d=\"M207.029 381.476L12.686 187.132c-9.373-9.373-9.373-24.569 0-33.941l22.667-22.667c9.357-9.357 24.522-9.375 33.901-.04L224 284.505l154.745-154.021c9.379-9.335 24.544-9.317 33.901.04l22.667 22.667c9.373 9.373 9.373 24.569 0 33.941L240.971 381.476c-9.373 9.372-24.569 9.372-33.942 0z\" fill=\"currentColor\"><\/path><\/svg><svg xmlns=\"http:\/\/www.w3.org\/2000\/svg\" viewBox=\"0 0 448 512\" width=\"1em\" height=\"1em\" aria-hidden=\"true\" role=\"img\" class=\"gb-accordion__icon-open\"><path d=\"M240.971 130.524l194.343 194.343c9.373 9.373 9.373 24.569 0 33.941l-22.667 22.667c-9.357 9.357-24.522 9.375-33.901.04L224 227.495 69.255 381.516c-9.379 9.335-24.544 9.317-33.901-.04l-22.667-22.667c-9.373-9.373-9.373-24.569 0-33.941L207.03 130.525c9.372-9.373 24.568-9.373 33.941-.001z\" fill=\"currentColor\"><\/path><\/svg><\/span><\/button>\n\n\n<div id=\"gb-accordion-content-91f812d8\" class=\"gb-accordion__content\"><div class=\"gb-container gb-container-91f812d8\">\n\n<p>Tutti i veicoli sono assicurati per danni a terzi, e sono disponibili opzioni di assicurazione aggiuntive come CDW e LDW a costo extra.<\/p>\n\n<\/div><\/div>\n<\/div>\n\n<div class=\"gb-container gb-container-f1b8b7b7 gb-accordion__item\" data-transition=\"slide\">\n\n<button class=\"gb-button gb-button-a8118f21 gb-accordion__toggle\" id=\"gb-accordion-toggle-a8118f21\"><span class=\"gb-button-text\">Quali sono le procedure di restituzione?<\/span><span class=\"gb-icon\"><svg xmlns=\"http:\/\/www.w3.org\/2000\/svg\" viewBox=\"0 0 448 512\" width=\"1em\" height=\"1em\" aria-hidden=\"true\" role=\"img\" class=\"gb-accordion__icon\"><path d=\"M207.029 381.476L12.686 187.132c-9.373-9.373-9.373-24.569 0-33.941l22.667-22.667c9.357-9.357 24.522-9.375 33.901-.04L224 284.505l154.745-154.021c9.379-9.335 24.544-9.317 33.901.04l22.667 22.667c9.373 9.373 9.373 24.569 0 33.941L240.971 381.476c-9.373 9.372-24.569 9.372-33.942 0z\" fill=\"currentColor\"><\/path><\/svg><svg xmlns=\"http:\/\/www.w3.org\/2000\/svg\" viewBox=\"0 0 448 512\" width=\"1em\" height=\"1em\" aria-hidden=\"true\" role=\"img\" class=\"gb-accordion__icon-open\"><path d=\"M240.971 130.524l194.343 194.343c9.373 9.373 9.373 24.569 0 33.941l-22.667 22.667c-9.357 9.357-24.522 9.375-33.901.04L224 227.495 69.255 381.516c-9.379 9.335-24.544 9.317-33.901-.04l-22.667-22.667c-9.373-9.373-9.373-24.569 0-33.941L207.03 130.525c9.372-9.373 24.568-9.373 33.941-.001z\" fill=\"currentColor\"><\/path><\/svg><\/span><\/button>\n\n\n<div id=\"gb-accordion-content-a818e507\" class=\"gb-accordion__content\"><div class=\"gb-container gb-container-a818e507\">\n\n<p>Il noleggiante deve restituire il veicolo nella data e ora specificata, nelle stesse condizioni. \u00c8 concesso un periodo di grazia di 30 minuti; in caso contrario, verr\u00e0 addebitato l&#8217;intero giorno.<\/p>\n\n<\/div><\/div>\n<\/div>\n\n<div class=\"gb-container gb-container-88d3fa2a gb-accordion__item\" data-transition=\"slide\">\n\n<button class=\"gb-button gb-button-993a3ea4 gb-accordion__toggle\" id=\"gb-accordion-toggle-993a3ea4\"><span class=\"gb-button-text\">\u00c8 consentita l&#8217;escursione fuori dall&#8217;isola?<\/span><span class=\"gb-icon\"><svg xmlns=\"http:\/\/www.w3.org\/2000\/svg\" viewBox=\"0 0 448 512\" width=\"1em\" height=\"1em\" aria-hidden=\"true\" role=\"img\" class=\"gb-accordion__icon\"><path d=\"M207.029 381.476L12.686 187.132c-9.373-9.373-9.373-24.569 0-33.941l22.667-22.667c9.357-9.357 24.522-9.375 33.901-.04L224 284.505l154.745-154.021c9.379-9.335 24.544-9.317 33.901.04l22.667 22.667c9.373 9.373 9.373 24.569 0 33.941L240.971 381.476c-9.373 9.372-24.569 9.372-33.942 0z\" fill=\"currentColor\"><\/path><\/svg><svg xmlns=\"http:\/\/www.w3.org\/2000\/svg\" viewBox=\"0 0 448 512\" width=\"1em\" height=\"1em\" aria-hidden=\"true\" role=\"img\" class=\"gb-accordion__icon-open\"><path d=\"M240.971 130.524l194.343 194.343c9.373 9.373 9.373 24.569 0 33.941l-22.667 22.667c-9.357 9.357-24.522 9.375-33.901.04L224 227.495 69.255 381.516c-9.379 9.335-24.544 9.317-33.901-.04l-22.667-22.667c-9.373-9.373-9.373-24.569 0-33.941L207.03 130.525c9.372-9.373 24.568-9.373 33.941-.001z\" fill=\"currentColor\"><\/path><\/svg><\/span><\/button>\n\n\n<div id=\"gb-accordion-content-b2674e74\" class=\"gb-accordion__content\"><div class=\"gb-container gb-container-b2674e74\">\n\n<p>Le escursioni fuori dall&#8217;isola richiedono il consenso di MotoPower.<\/p>\n\n<\/div><\/div>\n<\/div>\n\n<div class=\"gb-container gb-container-0263fd3a gb-accordion__item\" data-transition=\"slide\">\n\n<button class=\"gb-button gb-button-640ddf0d gb-accordion__toggle\" id=\"gb-accordion-toggle-640ddf0d\"><span class=\"gb-button-text\">Qual \u00e8 la politica di cancellazione?<\/span><span class=\"gb-icon\"><svg xmlns=\"http:\/\/www.w3.org\/2000\/svg\" viewBox=\"0 0 448 512\" width=\"1em\" height=\"1em\" aria-hidden=\"true\" role=\"img\" class=\"gb-accordion__icon\"><path d=\"M207.029 381.476L12.686 187.132c-9.373-9.373-9.373-24.569 0-33.941l22.667-22.667c9.357-9.357 24.522-9.375 33.901-.04L224 284.505l154.745-154.021c9.379-9.335 24.544-9.317 33.901.04l22.667 22.667c9.373 9.373 9.373 24.569 0 33.941L240.971 381.476c-9.373 9.372-24.569 9.372-33.942 0z\" fill=\"currentColor\"><\/path><\/svg><svg xmlns=\"http:\/\/www.w3.org\/2000\/svg\" viewBox=\"0 0 448 512\" width=\"1em\" height=\"1em\" aria-hidden=\"true\" role=\"img\" class=\"gb-accordion__icon-open\"><path d=\"M240.971 130.524l194.343 194.343c9.373 9.373 9.373 24.569 0 33.941l-22.667 22.667c-9.357 9.357-24.522 9.375-33.901.04L224 227.495 69.255 381.516c-9.379 9.335-24.544 9.317-33.901-.04l-22.667-22.667c-9.373-9.373-9.373-24.569 0-33.941L207.03 130.525c9.372-9.373 24.568-9.373 33.941-.001z\" fill=\"currentColor\"><\/path><\/svg><\/span><\/button>\n\n\n<div id=\"gb-accordion-content-f65784c0\" class=\"gb-accordion__content\"><div class=\"gb-container gb-container-f65784c0\">\n\n<p>Le cancellazioni effettuate una settimana prima della data di ritiro ricevono un rimborso completo del deposito. I ritorni anticipati potrebbero comportare addebiti per l&#8217;intero periodo di noleggio.<\/p>\n\n<\/div><\/div>\n<\/div>\n\n<div class=\"gb-container gb-container-00a8b189 gb-accordion__item\" data-transition=\"slide\">\n\n<button class=\"gb-button gb-button-2002eba9 gb-accordion__toggle\" id=\"gb-accordion-toggle-2002eba9\"><span class=\"gb-button-text\">Cosa \u00e8 incluso nei prezzi?<\/span><span class=\"gb-icon\"><svg xmlns=\"http:\/\/www.w3.org\/2000\/svg\" viewBox=\"0 0 448 512\" width=\"1em\" height=\"1em\" aria-hidden=\"true\" role=\"img\" class=\"gb-accordion__icon\"><path d=\"M207.029 381.476L12.686 187.132c-9.373-9.373-9.373-24.569 0-33.941l22.667-22.667c9.357-9.357 24.522-9.375 33.901-.04L224 284.505l154.745-154.021c9.379-9.335 24.544-9.317 33.901.04l22.667 22.667c9.373 9.373 9.373 24.569 0 33.941L240.971 381.476c-9.373 9.372-24.569 9.372-33.942 0z\" fill=\"currentColor\"><\/path><\/svg><svg xmlns=\"http:\/\/www.w3.org\/2000\/svg\" viewBox=\"0 0 448 512\" width=\"1em\" height=\"1em\" aria-hidden=\"true\" role=\"img\" class=\"gb-accordion__icon-open\"><path d=\"M240.971 130.524l194.343 194.343c9.373 9.373 9.373 24.569 0 33.941l-22.667 22.667c-9.357 9.357-24.522 9.375-33.901.04L224 227.495 69.255 381.516c-9.379 9.335-24.544 9.317-33.901-.04l-22.667-22.667c-9.373-9.373-9.373-24.569 0-33.941L207.03 130.525c9.372-9.373 24.568-9.373 33.941-.001z\" fill=\"currentColor\"><\/path><\/svg><\/span><\/button>\n\n\n<div id=\"gb-accordion-content-fb5949df\" class=\"gb-accordion__content\"><div class=\"gb-container gb-container-fb5949df\">\n\n<p>I prezzi includono l&#8217;assicurazione, l&#8217;assistenza stradale, chilometri illimitati, nessun costo aggiuntivo per un secondo conducente, prenotazioni di seggiolini per bambini, mappe stradali e il ritiro\/consegna gratuiti presso le localit\u00e0 specificate.<\/p>\n\n<\/div><\/div>\n<\/div>\n<\/div>\n<\/div>\n<\/div>","protected":false},"excerpt":{"rendered":"<p>\u00c8 necessaria una patente di guida valida, con almeno un anno di esperienza. La durata minima del noleggio \u00e8 di un giorno. \u00c8 obbligatoria una &#8230; <\/p>\n<p class=\"read-more-container\"><a title=\"Domande frequenti\" class=\"read-more button\" href=\"https:\/\/motopower-naxos.com\/it\/faqs\/#more-1516\" aria-label=\"Per saperne di pi\u00f9 su Domande frequenti\">Read more<\/a><\/p>\n","protected":false},"author":13,"featured_media":686,"parent":0,"menu_order":2,"comment_status":"closed","ping_status":"closed","template":"","meta":{"_acf_changed":false,"footnotes":""},"class_list":["post-1516","page","type-page","status-publish","has-post-thumbnail"],"acf":[],"yoast_head":"<!-- This site is optimized with the Yoast SEO plugin v27.0 - https:\/\/yoast.com\/product\/yoast-seo-wordpress\/ -->\n<title>Domande frequenti | MOTO POWER<\/title>\n<meta name=\"robots\" content=\"index, follow, max-snippet:-1, max-image-preview:large, max-video-preview:-1\" \/>\n<link rel=\"canonical\" href=\"https:\/\/motopower-naxos.com\/it\/faqs\/\" \/>\n<meta property=\"og:locale\" content=\"it_IT\" \/>\n<meta property=\"og:type\" content=\"article\" \/>\n<meta property=\"og:title\" content=\"Domande frequenti | MOTO POWER\" \/>\n<meta property=\"og:description\" content=\"\u00c8 necessaria una patente di guida valida, con almeno un anno di esperienza. La durata minima del noleggio \u00e8 di un giorno. \u00c8 obbligatoria una ... Read more\" \/>\n<meta property=\"og:url\" content=\"https:\/\/motopower-naxos.com\/it\/faqs\/\" \/>\n<meta property=\"og:site_name\" content=\"MOTO POWER\" \/>\n<meta property=\"article:modified_time\" content=\"2025-03-31T07:22:30+00:00\" \/>\n<meta property=\"og:image\" content=\"https:\/\/motopower-naxos.com\/wp-content\/uploads\/2024\/10\/about-hero.jpg\" \/>\n\t<meta property=\"og:image:width\" content=\"1920\" \/>\n\t<meta property=\"og:image:height\" content=\"500\" \/>\n\t<meta property=\"og:image:type\" content=\"image\/jpeg\" \/>\n<meta name=\"twitter:card\" content=\"summary_large_image\" \/>\n<meta name=\"twitter:label1\" content=\"Tempo di lettura stimato\" \/>\n\t<meta name=\"twitter:data1\" content=\"2 minuti\" \/>\n<script type=\"application\/ld+json\" class=\"yoast-schema-graph\">{\"@context\":\"https:\/\/schema.org\",\"@graph\":[{\"@type\":\"WebPage\",\"@id\":\"https:\/\/motopower-naxos.com\/it\/faqs\/\",\"url\":\"https:\/\/motopower-naxos.com\/it\/faqs\/\",\"name\":\"Domande frequenti | MOTO POWER\",\"isPartOf\":{\"@id\":\"https:\/\/motopower-naxos.com\/it\/#website\"},\"primaryImageOfPage\":{\"@id\":\"https:\/\/motopower-naxos.com\/it\/faqs\/#primaryimage\"},\"image\":{\"@id\":\"https:\/\/motopower-naxos.com\/it\/faqs\/#primaryimage\"},\"thumbnailUrl\":\"https:\/\/motopower-naxos.com\/wp-content\/uploads\/2024\/10\/about-hero.jpg\",\"datePublished\":\"2024-10-23T11:55:52+00:00\",\"dateModified\":\"2025-03-31T07:22:30+00:00\",\"breadcrumb\":{\"@id\":\"https:\/\/motopower-naxos.com\/it\/faqs\/#breadcrumb\"},\"inLanguage\":\"it-IT\",\"potentialAction\":[{\"@type\":\"ReadAction\",\"target\":[\"https:\/\/motopower-naxos.com\/it\/faqs\/\"]}]},{\"@type\":\"ImageObject\",\"inLanguage\":\"it-IT\",\"@id\":\"https:\/\/motopower-naxos.com\/it\/faqs\/#primaryimage\",\"url\":\"https:\/\/motopower-naxos.com\/wp-content\/uploads\/2024\/10\/about-hero.jpg\",\"contentUrl\":\"https:\/\/motopower-naxos.com\/wp-content\/uploads\/2024\/10\/about-hero.jpg\",\"width\":1920,\"height\":500},{\"@type\":\"BreadcrumbList\",\"@id\":\"https:\/\/motopower-naxos.com\/it\/faqs\/#breadcrumb\",\"itemListElement\":[{\"@type\":\"ListItem\",\"position\":1,\"name\":\"Home\",\"item\":\"https:\/\/motopower-naxos.com\/it\/\"},{\"@type\":\"ListItem\",\"position\":2,\"name\":\"Domande frequenti\"}]},{\"@type\":\"WebSite\",\"@id\":\"https:\/\/motopower-naxos.com\/it\/#website\",\"url\":\"https:\/\/motopower-naxos.com\/it\/\",\"name\":\"Moto Power Naxos\",\"description\":\"\",\"publisher\":{\"@id\":\"https:\/\/motopower-naxos.com\/it\/#organization\"},\"alternateName\":\"Moto Power Rent A Car Naxos\",\"potentialAction\":[{\"@type\":\"SearchAction\",\"target\":{\"@type\":\"EntryPoint\",\"urlTemplate\":\"https:\/\/motopower-naxos.com\/it\/?s={search_term_string}\"},\"query-input\":{\"@type\":\"PropertyValueSpecification\",\"valueRequired\":true,\"valueName\":\"search_term_string\"}}],\"inLanguage\":\"it-IT\"},{\"@type\":\"Organization\",\"@id\":\"https:\/\/motopower-naxos.com\/it\/#organization\",\"name\":\"Moto Power Naxos\",\"url\":\"https:\/\/motopower-naxos.com\/it\/\",\"logo\":{\"@type\":\"ImageObject\",\"inLanguage\":\"it-IT\",\"@id\":\"https:\/\/motopower-naxos.com\/it\/#\/schema\/logo\/image\/\",\"url\":\"https:\/\/motopower-naxos.com\/wp-content\/uploads\/2024\/10\/logo.png\",\"contentUrl\":\"https:\/\/motopower-naxos.com\/wp-content\/uploads\/2024\/10\/logo.png\",\"width\":283,\"height\":51,\"caption\":\"Moto Power Naxos\"},\"image\":{\"@id\":\"https:\/\/motopower-naxos.com\/it\/#\/schema\/logo\/image\/\"}}]}<\/script>\n<!-- \/ Yoast SEO plugin. -->","yoast_head_json":{"title":"Domande frequenti | MOTO POWER","robots":{"index":"index","follow":"follow","max-snippet":"max-snippet:-1","max-image-preview":"max-image-preview:large","max-video-preview":"max-video-preview:-1"},"canonical":"https:\/\/motopower-naxos.com\/it\/faqs\/","og_locale":"it_IT","og_type":"article","og_title":"Domande frequenti | MOTO POWER","og_description":"\u00c8 necessaria una patente di guida valida, con almeno un anno di esperienza. La durata minima del noleggio \u00e8 di un giorno. \u00c8 obbligatoria una ... Read more","og_url":"https:\/\/motopower-naxos.com\/it\/faqs\/","og_site_name":"MOTO POWER","article_modified_time":"2025-03-31T07:22:30+00:00","og_image":[{"width":1920,"height":500,"url":"https:\/\/motopower-naxos.com\/wp-content\/uploads\/2024\/10\/about-hero.jpg","type":"image\/jpeg"}],"twitter_card":"summary_large_image","twitter_misc":{"Tempo di lettura stimato":"2 minuti"},"schema":{"@context":"https:\/\/schema.org","@graph":[{"@type":"WebPage","@id":"https:\/\/motopower-naxos.com\/it\/faqs\/","url":"https:\/\/motopower-naxos.com\/it\/faqs\/","name":"Domande frequenti | MOTO POWER","isPartOf":{"@id":"https:\/\/motopower-naxos.com\/it\/#website"},"primaryImageOfPage":{"@id":"https:\/\/motopower-naxos.com\/it\/faqs\/#primaryimage"},"image":{"@id":"https:\/\/motopower-naxos.com\/it\/faqs\/#primaryimage"},"thumbnailUrl":"https:\/\/motopower-naxos.com\/wp-content\/uploads\/2024\/10\/about-hero.jpg","datePublished":"2024-10-23T11:55:52+00:00","dateModified":"2025-03-31T07:22:30+00:00","breadcrumb":{"@id":"https:\/\/motopower-naxos.com\/it\/faqs\/#breadcrumb"},"inLanguage":"it-IT","potentialAction":[{"@type":"ReadAction","target":["https:\/\/motopower-naxos.com\/it\/faqs\/"]}]},{"@type":"ImageObject","inLanguage":"it-IT","@id":"https:\/\/motopower-naxos.com\/it\/faqs\/#primaryimage","url":"https:\/\/motopower-naxos.com\/wp-content\/uploads\/2024\/10\/about-hero.jpg","contentUrl":"https:\/\/motopower-naxos.com\/wp-content\/uploads\/2024\/10\/about-hero.jpg","width":1920,"height":500},{"@type":"BreadcrumbList","@id":"https:\/\/motopower-naxos.com\/it\/faqs\/#breadcrumb","itemListElement":[{"@type":"ListItem","position":1,"name":"Home","item":"https:\/\/motopower-naxos.com\/it\/"},{"@type":"ListItem","position":2,"name":"Domande frequenti"}]},{"@type":"WebSite","@id":"https:\/\/motopower-naxos.com\/it\/#website","url":"https:\/\/motopower-naxos.com\/it\/","name":"Moto Power Naxos","description":"","publisher":{"@id":"https:\/\/motopower-naxos.com\/it\/#organization"},"alternateName":"Moto Power Rent A Car Naxos","potentialAction":[{"@type":"SearchAction","target":{"@type":"EntryPoint","urlTemplate":"https:\/\/motopower-naxos.com\/it\/?s={search_term_string}"},"query-input":{"@type":"PropertyValueSpecification","valueRequired":true,"valueName":"search_term_string"}}],"inLanguage":"it-IT"},{"@type":"Organization","@id":"https:\/\/motopower-naxos.com\/it\/#organization","name":"Moto Power Naxos","url":"https:\/\/motopower-naxos.com\/it\/","logo":{"@type":"ImageObject","inLanguage":"it-IT","@id":"https:\/\/motopower-naxos.com\/it\/#\/schema\/logo\/image\/","url":"https:\/\/motopower-naxos.com\/wp-content\/uploads\/2024\/10\/logo.png","contentUrl":"https:\/\/motopower-naxos.com\/wp-content\/uploads\/2024\/10\/logo.png","width":283,"height":51,"caption":"Moto Power Naxos"},"image":{"@id":"https:\/\/motopower-naxos.com\/it\/#\/schema\/logo\/image\/"}}]}},"_links":{"self":[{"href":"https:\/\/motopower-naxos.com\/it\/wp-json\/wp\/v2\/pages\/1516","targetHints":{"allow":["GET"]}}],"collection":[{"href":"https:\/\/motopower-naxos.com\/it\/wp-json\/wp\/v2\/pages"}],"about":[{"href":"https:\/\/motopower-naxos.com\/it\/wp-json\/wp\/v2\/types\/page"}],"author":[{"embeddable":true,"href":"https:\/\/motopower-naxos.com\/it\/wp-json\/wp\/v2\/users\/13"}],"replies":[{"embeddable":true,"href":"https:\/\/motopower-naxos.com\/it\/wp-json\/wp\/v2\/comments?post=1516"}],"version-history":[{"count":3,"href":"https:\/\/motopower-naxos.com\/it\/wp-json\/wp\/v2\/pages\/1516\/revisions"}],"predecessor-version":[{"id":1844,"href":"https:\/\/motopower-naxos.com\/it\/wp-json\/wp\/v2\/pages\/1516\/revisions\/1844"}],"wp:featuredmedia":[{"embeddable":true,"href":"https:\/\/motopower-naxos.com\/it\/wp-json\/wp\/v2\/media\/686"}],"wp:attachment":[{"href":"https:\/\/motopower-naxos.com\/it\/wp-json\/wp\/v2\/media?parent=1516"}],"curies":[{"name":"wp","href":"https:\/\/api.w.org\/{rel}","templated":true}]}}