{"id":1538,"date":"2018-08-24T14:22:23","date_gmt":"2018-08-24T11:22:23","guid":{"rendered":"https:\/\/motopower-naxos.com\/?page_id=1538"},"modified":"2025-03-31T13:05:22","modified_gmt":"2025-03-31T10:05:22","slug":"privacy-policy","status":"publish","type":"page","link":"https:\/\/motopower-naxos.com\/de\/privacy-policy\/","title":{"rendered":"Datenschutzrichtlinie"},"content":{"rendered":"\n<p><strong>Wer wir sind<\/strong><\/p>\n\n\n\n<p>Die Website-Adresse lautet: <a class=\"\" href=\"https:\/\/motopower-naxos.com\/de\/\">https:\/\/motopower-naxos.com<\/a><\/p>\n\n\n\n<p><strong>Welche pers\u00f6nlichen Daten wir sammeln und warum<\/strong><\/p>\n\n\n\n<p>W\u00e4hrend Ihres Besuchs auf unserer Website kann das Unternehmen die folgenden pers\u00f6nlichen Daten zu den folgenden Zwecken sammeln:<\/p>\n\n\n\n<ul class=\"wp-block-list\">\n<li><strong>Kontaktformular<\/strong>: Wenn Sie uns \u00fcber das Kontaktformular der Website f\u00fcr Kundenservice-Anliegen kontaktieren, werden Sie gebeten, Ihre pers\u00f6nlichen Daten wie Name, Adresse, Telefonnummer und E-Mail-Adresse anzugeben.<\/li>\n\n\n\n<li><strong>Kommentare<\/strong>: Wenn Sie einen Kommentar auf unserer Website hinterlassen, k\u00f6nnen Sie w\u00e4hlen, Ihren Namen, Ihre E-Mail-Adresse und Ihre Website in Cookies zu speichern. Diese Cookies dienen Ihrer Bequemlichkeit, damit Sie Ihre Daten nicht erneut eingeben m\u00fcssen, wenn Sie einen weiteren Kommentar hinterlassen. Diese Cookies bleiben ein Jahr lang gespeichert.<\/li>\n<\/ul>\n\n\n\n<h3 class=\"gb-headline gb-headline-806d9021 gb-headline-text\"><strong>Cookies<\/strong><\/h3>\n\n\n\n<p><strong>Was sind Cookies<\/strong><\/p>\n\n\n\n<p>Cookies sind kleine Textdateien, die von einer Website im Browser eines Nutzers gespeichert werden, wenn dieser eine Website besucht, wodurch die Website den Nutzer bei dessen n\u00e4chsten Besuch erkennen kann.<\/p>\n\n\n\n<p>Cookies enthalten keine pers\u00f6nlichen Informationen, die es jemandem erm\u00f6glichen w\u00fcrden, den Website-Besucher zu kontaktieren, wie z.B. E-Mail-Adressen usw.<\/p>\n\n\n\n<p>Wir verwenden Cookies, um Ihnen zu helfen, effizient zu navigieren und bestimmte Funktionen auszuf\u00fchren. Cookies, die als &#8222;Notwendig&#8220; kategorisiert sind, werden in Ihrem Browser gespeichert, da sie f\u00fcr die grundlegenden Funktionen der Website unerl\u00e4sslich sind.<\/p>\n\n\n\n<p>Wir verwenden auch Cookies von Drittanbietern, die uns helfen, zu analysieren, wie Sie diese Website nutzen, Ihre Pr\u00e4ferenzen zu speichern und Inhalte sowie Anzeigen bereitzustellen, die f\u00fcr Sie relevant sind. Diese Cookies werden nur mit Ihrer vorherigen Zustimmung in Ihrem Browser gespeichert.<\/p>\n\n\n\n<p>Sie k\u00f6nnen w\u00e4hlen, einige oder alle dieser Cookies zu aktivieren oder zu deaktivieren, aber das Deaktivieren einiger von ihnen kann Ihre Benutzererfahrung beeintr\u00e4chtigen.<\/p>\n\n\n\n<p><strong>Arten von Cookies<\/strong><\/p>\n\n\n\n<p>Das Unternehmen kann die folgenden Arten von Cookies verwenden:<\/p>\n\n\n\n<ul class=\"wp-block-list\">\n<li><strong>Notwendige Cookies<\/strong>: Notwendige, absolut essentielle Cookies sind f\u00fcr das ordnungsgem\u00e4\u00dfe Funktionieren der Website entscheidend. Sie erm\u00f6glichen es Ihnen, zu surfen und die Funktionen zu nutzen, wie z.B. den Zugriff auf sichere Bereiche. Notwendige Cookies erkennen nicht Ihre individuelle Identit\u00e4t, und ohne sie k\u00f6nnen wir keine effektive Website-Erfahrung bieten.<\/li>\n\n\n\n<li><strong>Leistungs- \/ Analyse-Cookies<\/strong>: Leistungs-Cookies sammeln Informationen dar\u00fcber, wie Besucher die Website nutzen, z.B. welche Seiten sie am h\u00e4ufigsten besuchen. Diese Cookies sammeln aggregierte, anonyme Daten, die den Besucher nicht identifizieren. Diese Informationen werden ausschlie\u00dflich zur Verbesserung der Leistung der Website verwendet.<\/li>\n\n\n\n<li><strong>Funktions-Cookies<\/strong>: Funktions-Cookies erm\u00f6glichen es der Website, Benutzerauswahlen wie Benutzernamen, Sprache oder Region sowie angewendete Einstellungen zu speichern, um verbesserte und personalisierte Funktionen bereitzustellen. Sie k\u00f6nnen auch verwendet werden, um vom Nutzer angeforderte Dienste bereitzustellen, wie das Ansehen von Videos oder die Nutzung sozialer Medien. Die durch Funktions-Cookies gesammelten Informationen k\u00f6nnen anonymisiert werden und k\u00f6nnen das Browsing-Verhalten auf anderen Websites nicht verfolgen. Wenn Sie Funktions-Cookies nicht akzeptieren, kann dies die Leistung und Funktionalit\u00e4t der Website beeintr\u00e4chtigen und Ihren Zugang zu bestimmten Inhalten auf der Seite einschr\u00e4nken.<\/li>\n\n\n\n<li><strong>Eingebettete Inhalte von anderen Websites<\/strong>: Artikel auf dieser Website k\u00f6nnen eingebettete Inhalte von anderen Websites enthalten (z.B. Videos, Bilder, Artikel usw.). Eingebettete Inhalte von anderen Websites verhalten sich genauso, als ob der Besucher die andere Website direkt besucht h\u00e4tte.<\/li>\n<\/ul>\n\n\n\n<p>Diese Websites k\u00f6nnen Daten \u00fcber Sie sammeln, Cookies verwenden, zus\u00e4tzliches Tracking von Drittanbietern einbetten und Ihre Interaktion mit dem eingebetteten Inhalt \u00fcberwachen, einschlie\u00dflich des Trackings Ihrer Interaktion mit dem eingebetteten Inhalt, wenn Sie ein Konto haben und bei dieser Website eingeloggt sind. Daher sind wir daf\u00fcr nicht verantwortlich.<\/p>\n\n\n\n<h3 class=\"gb-headline gb-headline-13c20636 gb-headline-text\"><strong>Mit wem teilen wir Ihre Daten<\/strong><\/h3>\n\n\n\n<p>Der Zugang zu den von Ihnen bereitgestellten Daten wird der entsprechenden Abteilung unseres Unternehmens gew\u00e4hrt, um Ihnen zu helfen.<\/p>\n\n\n\n<p><strong>Rechte bez\u00fcglich Ihrer Daten<\/strong><\/p>\n\n\n\n<p>Wenn Sie ein Konto auf dieser Website haben, ein Kontaktformular ausgef\u00fcllt haben oder Kommentare hinterlassen haben, k\u00f6nnen Sie anfordern, eine exportierte Datei der pers\u00f6nlichen Daten zu erhalten, die wir \u00fcber Sie gespeichert haben, einschlie\u00dflich aller Daten, die Sie uns zur Verf\u00fcgung gestellt haben. Sie k\u00f6nnen auch die L\u00f6schung Ihrer pers\u00f6nlichen Daten anfordern. Dies gilt nicht f\u00fcr Daten, die wir aus administrativen, rechtlichen oder sicherheitsrelevanten Gr\u00fcnden aufbewahren m\u00fcssen.<\/p>\n\n\n\n<p>Sie k\u00f6nnen uns benachrichtigen und die L\u00f6schung der Daten, die wir m\u00f6glicherweise aufbewahrt haben, anfordern, indem Sie uns unter der Telefonnummer <a href=\"tel:+30228504204\">+30 22850 4204<\/a>6 anrufen oder eine E-Mail an <a>info@motopower-naxos.com<\/a> senden.<\/p>\n\n\n\n<p>Das Unternehmen beh\u00e4lt sich das Recht vor, die oben genannten Bestimmungen jederzeit ohne Vorank\u00fcndigung innerhalb des bestehenden oder potenziellen rechtlichen Rahmens zu \u00e4ndern, zu \u00e4ndern oder zu modifizieren.<\/p>\n","protected":false},"excerpt":{"rendered":"<p>Wer wir sind Die Website-Adresse lautet: https:\/\/motopower-naxos.com Welche pers\u00f6nlichen Daten wir sammeln und warum W\u00e4hrend Ihres Besuchs auf unserer Website kann das Unternehmen die folgenden &#8230; <\/p>\n<p class=\"read-more-container\"><a title=\"Datenschutzrichtlinie\" class=\"read-more button\" href=\"https:\/\/motopower-naxos.com\/de\/privacy-policy\/#more-1538\" aria-label=\"Mehr Informationen \u00fcber Datenschutzrichtlinie\">Read more<\/a><\/p>\n","protected":false},"author":13,"featured_media":0,"parent":0,"menu_order":5,"comment_status":"closed","ping_status":"closed","template":"","meta":{"_acf_changed":false,"footnotes":""},"class_list":["post-1538","page","type-page","status-publish"],"acf":[],"yoast_head":"<!-- This site is optimized with the Yoast SEO plugin v27.0 - https:\/\/yoast.com\/product\/yoast-seo-wordpress\/ -->\n<title>Datenschutzrichtlinie | MOTO POWER<\/title>\n<meta name=\"robots\" content=\"index, follow, max-snippet:-1, max-image-preview:large, max-video-preview:-1\" \/>\n<link rel=\"canonical\" href=\"https:\/\/motopower-naxos.com\/de\/privacy-policy\/\" \/>\n<meta property=\"og:locale\" content=\"de_DE\" \/>\n<meta property=\"og:type\" content=\"article\" \/>\n<meta property=\"og:title\" content=\"Datenschutzrichtlinie | MOTO POWER\" \/>\n<meta property=\"og:description\" content=\"Wer wir sind Die Website-Adresse lautet: https:\/\/motopower-naxos.com Welche pers\u00f6nlichen Daten wir sammeln und warum W\u00e4hrend Ihres Besuchs auf unserer Website kann das Unternehmen die folgenden ... Read more\" \/>\n<meta property=\"og:url\" content=\"https:\/\/motopower-naxos.com\/de\/privacy-policy\/\" \/>\n<meta property=\"og:site_name\" content=\"MOTO POWER\" \/>\n<meta property=\"article:modified_time\" content=\"2025-03-31T10:05:22+00:00\" \/>\n<meta property=\"og:image\" content=\"https:\/\/motopower-naxos.com\/wp-content\/uploads\/2024\/10\/footer-bg.jpg\" \/>\n\t<meta property=\"og:image:width\" content=\"1920\" \/>\n\t<meta property=\"og:image:height\" content=\"950\" \/>\n\t<meta property=\"og:image:type\" content=\"image\/jpeg\" \/>\n<meta name=\"twitter:card\" content=\"summary_large_image\" \/>\n<meta name=\"twitter:label1\" content=\"Gesch\u00e4tzte Lesezeit\" \/>\n\t<meta name=\"twitter:data1\" content=\"4 Minuten\" \/>\n<script type=\"application\/ld+json\" class=\"yoast-schema-graph\">{\"@context\":\"https:\/\/schema.org\",\"@graph\":[{\"@type\":\"WebPage\",\"@id\":\"https:\/\/motopower-naxos.com\/de\/privacy-policy\/\",\"url\":\"https:\/\/motopower-naxos.com\/de\/privacy-policy\/\",\"name\":\"Datenschutzrichtlinie | MOTO POWER\",\"isPartOf\":{\"@id\":\"https:\/\/motopower-naxos.com\/de\/#website\"},\"datePublished\":\"2018-08-24T11:22:23+00:00\",\"dateModified\":\"2025-03-31T10:05:22+00:00\",\"breadcrumb\":{\"@id\":\"https:\/\/motopower-naxos.com\/de\/privacy-policy\/#breadcrumb\"},\"inLanguage\":\"de\",\"potentialAction\":[{\"@type\":\"ReadAction\",\"target\":[\"https:\/\/motopower-naxos.com\/de\/privacy-policy\/\"]}]},{\"@type\":\"BreadcrumbList\",\"@id\":\"https:\/\/motopower-naxos.com\/de\/privacy-policy\/#breadcrumb\",\"itemListElement\":[{\"@type\":\"ListItem\",\"position\":1,\"name\":\"Home\",\"item\":\"https:\/\/motopower-naxos.com\/de\/\"},{\"@type\":\"ListItem\",\"position\":2,\"name\":\"Datenschutzrichtlinie\"}]},{\"@type\":\"WebSite\",\"@id\":\"https:\/\/motopower-naxos.com\/de\/#website\",\"url\":\"https:\/\/motopower-naxos.com\/de\/\",\"name\":\"Moto Power Naxos\",\"description\":\"\",\"publisher\":{\"@id\":\"https:\/\/motopower-naxos.com\/de\/#organization\"},\"alternateName\":\"Moto Power Rent A Car Naxos\",\"potentialAction\":[{\"@type\":\"SearchAction\",\"target\":{\"@type\":\"EntryPoint\",\"urlTemplate\":\"https:\/\/motopower-naxos.com\/de\/?s={search_term_string}\"},\"query-input\":{\"@type\":\"PropertyValueSpecification\",\"valueRequired\":true,\"valueName\":\"search_term_string\"}}],\"inLanguage\":\"de\"},{\"@type\":\"Organization\",\"@id\":\"https:\/\/motopower-naxos.com\/de\/#organization\",\"name\":\"Moto Power Naxos\",\"url\":\"https:\/\/motopower-naxos.com\/de\/\",\"logo\":{\"@type\":\"ImageObject\",\"inLanguage\":\"de\",\"@id\":\"https:\/\/motopower-naxos.com\/de\/#\/schema\/logo\/image\/\",\"url\":\"https:\/\/motopower-naxos.com\/wp-content\/uploads\/2024\/10\/logo.png\",\"contentUrl\":\"https:\/\/motopower-naxos.com\/wp-content\/uploads\/2024\/10\/logo.png\",\"width\":283,\"height\":51,\"caption\":\"Moto Power Naxos\"},\"image\":{\"@id\":\"https:\/\/motopower-naxos.com\/de\/#\/schema\/logo\/image\/\"}}]}<\/script>\n<!-- \/ Yoast SEO plugin. -->","yoast_head_json":{"title":"Datenschutzrichtlinie | MOTO POWER","robots":{"index":"index","follow":"follow","max-snippet":"max-snippet:-1","max-image-preview":"max-image-preview:large","max-video-preview":"max-video-preview:-1"},"canonical":"https:\/\/motopower-naxos.com\/de\/privacy-policy\/","og_locale":"de_DE","og_type":"article","og_title":"Datenschutzrichtlinie | MOTO POWER","og_description":"Wer wir sind Die Website-Adresse lautet: https:\/\/motopower-naxos.com Welche pers\u00f6nlichen Daten wir sammeln und warum W\u00e4hrend Ihres Besuchs auf unserer Website kann das Unternehmen die folgenden ... Read more","og_url":"https:\/\/motopower-naxos.com\/de\/privacy-policy\/","og_site_name":"MOTO POWER","article_modified_time":"2025-03-31T10:05:22+00:00","og_image":[{"width":1920,"height":950,"url":"https:\/\/motopower-naxos.com\/wp-content\/uploads\/2024\/10\/footer-bg.jpg","type":"image\/jpeg"}],"twitter_card":"summary_large_image","twitter_misc":{"Gesch\u00e4tzte Lesezeit":"4 Minuten"},"schema":{"@context":"https:\/\/schema.org","@graph":[{"@type":"WebPage","@id":"https:\/\/motopower-naxos.com\/de\/privacy-policy\/","url":"https:\/\/motopower-naxos.com\/de\/privacy-policy\/","name":"Datenschutzrichtlinie | MOTO POWER","isPartOf":{"@id":"https:\/\/motopower-naxos.com\/de\/#website"},"datePublished":"2018-08-24T11:22:23+00:00","dateModified":"2025-03-31T10:05:22+00:00","breadcrumb":{"@id":"https:\/\/motopower-naxos.com\/de\/privacy-policy\/#breadcrumb"},"inLanguage":"de","potentialAction":[{"@type":"ReadAction","target":["https:\/\/motopower-naxos.com\/de\/privacy-policy\/"]}]},{"@type":"BreadcrumbList","@id":"https:\/\/motopower-naxos.com\/de\/privacy-policy\/#breadcrumb","itemListElement":[{"@type":"ListItem","position":1,"name":"Home","item":"https:\/\/motopower-naxos.com\/de\/"},{"@type":"ListItem","position":2,"name":"Datenschutzrichtlinie"}]},{"@type":"WebSite","@id":"https:\/\/motopower-naxos.com\/de\/#website","url":"https:\/\/motopower-naxos.com\/de\/","name":"Moto Power Naxos","description":"","publisher":{"@id":"https:\/\/motopower-naxos.com\/de\/#organization"},"alternateName":"Moto Power Rent A Car Naxos","potentialAction":[{"@type":"SearchAction","target":{"@type":"EntryPoint","urlTemplate":"https:\/\/motopower-naxos.com\/de\/?s={search_term_string}"},"query-input":{"@type":"PropertyValueSpecification","valueRequired":true,"valueName":"search_term_string"}}],"inLanguage":"de"},{"@type":"Organization","@id":"https:\/\/motopower-naxos.com\/de\/#organization","name":"Moto Power Naxos","url":"https:\/\/motopower-naxos.com\/de\/","logo":{"@type":"ImageObject","inLanguage":"de","@id":"https:\/\/motopower-naxos.com\/de\/#\/schema\/logo\/image\/","url":"https:\/\/motopower-naxos.com\/wp-content\/uploads\/2024\/10\/logo.png","contentUrl":"https:\/\/motopower-naxos.com\/wp-content\/uploads\/2024\/10\/logo.png","width":283,"height":51,"caption":"Moto Power Naxos"},"image":{"@id":"https:\/\/motopower-naxos.com\/de\/#\/schema\/logo\/image\/"}}]}},"_links":{"self":[{"href":"https:\/\/motopower-naxos.com\/de\/wp-json\/wp\/v2\/pages\/1538","targetHints":{"allow":["GET"]}}],"collection":[{"href":"https:\/\/motopower-naxos.com\/de\/wp-json\/wp\/v2\/pages"}],"about":[{"href":"https:\/\/motopower-naxos.com\/de\/wp-json\/wp\/v2\/types\/page"}],"author":[{"embeddable":true,"href":"https:\/\/motopower-naxos.com\/de\/wp-json\/wp\/v2\/users\/13"}],"replies":[{"embeddable":true,"href":"https:\/\/motopower-naxos.com\/de\/wp-json\/wp\/v2\/comments?post=1538"}],"version-history":[{"count":3,"href":"https:\/\/motopower-naxos.com\/de\/wp-json\/wp\/v2\/pages\/1538\/revisions"}],"predecessor-version":[{"id":1879,"href":"https:\/\/motopower-naxos.com\/de\/wp-json\/wp\/v2\/pages\/1538\/revisions\/1879"}],"wp:attachment":[{"href":"https:\/\/motopower-naxos.com\/de\/wp-json\/wp\/v2\/media?parent=1538"}],"curies":[{"name":"wp","href":"https:\/\/api.w.org\/{rel}","templated":true}]}}