{"id":1525,"date":"2024-10-23T15:10:46","date_gmt":"2024-10-23T12:10:46","guid":{"rendered":"https:\/\/motopower-naxos.com\/?page_id=1525"},"modified":"2025-03-31T13:27:58","modified_gmt":"2025-03-31T10:27:58","slug":"rental-terms","status":"publish","type":"page","link":"https:\/\/motopower-naxos.com\/de\/rental-terms\/","title":{"rendered":"Mietbedingungen"},"content":{"rendered":"<div class=\"gb-container gb-container-f4274c04 rental-terms-section1\">\n<div class=\"gb-container gb-container-8a1ec303 inner-container\">\n<div class=\"yoast-breadcrumbs\"><span><span><a href=\"https:\/\/motopower-naxos.com\/de\/\">Home<\/a><\/span> | <span class=\"breadcrumb_last\" aria-current=\"page\">Mietbedingungen<\/span><\/span><\/div>\n\n\n<h3 class=\"gb-headline gb-headline-8a4c1abf gb-headline-text\">Mietwageninformationen \u2013 MotoPower, Insel Naxos<\/h3>\n\n\n\n<p><strong>F\u00fchrerschein:<\/strong> Muss mindestens ein Jahr g\u00fcltig sein.<br><strong>Mindestmietdauer:<\/strong> Ein Tag.<br><strong>Steuern und Benzin:<\/strong> Vom Mieter zu zahlen.<br><strong>Garantie:<\/strong> Eine Kreditkarte ist f\u00fcr die Fahrzeugmiete erforderlich. Alle g\u00e4ngigen Kreditkarten werden akzeptiert.<br><strong>Bu\u00dfgelder und Verst\u00f6\u00dfe:<\/strong> Alle Bu\u00dfgelder und Strafen gehen zu Lasten des Mieters, der verpflichtet ist, diese zu bezahlen.<br><\/p>\n\n\n\n<h4 class=\"gb-headline gb-headline-65b14605 gb-headline-text\">Versicherung:<\/h4>\n\n\n\n<ul class=\"wp-block-list\">\n<li>Alle Fahrzeuge sind gegen Sch\u00e4den Dritter versichert, einschlie\u00dflich Personensch\u00e4den, Fahrzeugsch\u00e4den, Unfallhilfe, Unfallschutz und juristische Dienstleistungen.<\/li>\n\n\n\n<li>Zus\u00e4tzliche Versicherungsoptionen wie CDW (Collision Damage Waiver) und LDW (Low Damage Waiver) sind gegen Aufpreis erh\u00e4ltlich.<\/li>\n<\/ul>\n\n\n\n<h4 class=\"gb-headline gb-headline-ac02d222 gb-headline-text\">Optionale Versicherungsdeckung:<\/h4>\n\n\n\n<ul class=\"wp-block-list\">\n<li>Vollst\u00e4ndige Versicherungsdeckung, CDW (Collision Damage Waiver), LDW (Low Damage Waiver) \u2013 Der Mieter kann seine Haftung bei Sch\u00e4den, bei denen er schuld ist, unter verschiedenen Kategorien minimieren.<\/li>\n\n\n\n<li>CDW und LDW sind keine offiziellen Versicherungsrichtlinien.<\/li>\n\n\n\n<li>Die Fahrzeugkategorien A, B, C, D, E, F, F1, G &amp; K sind die Kategorien f\u00fcr Mietfahrzeuge.<\/li>\n<\/ul>\n\n\n\n<h4 class=\"gb-headline gb-headline-98c627d4 gb-headline-text\">Versicherungsausnahmen:<\/h4>\n\n\n\n<ul class=\"wp-block-list\">\n<li>Die Versicherung greift nicht, wenn der Fahrer unter dem Einfluss von Alkohol oder Drogen steht, Verkehrsregeln verletzt, in unsicheren Gebieten f\u00e4hrt oder Sch\u00e4den in ungeeignetem Gel\u00e4nde entstehen.<\/li>\n\n\n\n<li>Sch\u00e4den an bestimmten Fahrzeugteilen sind nicht abgedeckt.<\/li>\n\n\n\n<li>Um durch die Versicherung bei Sch\u00e4den abgedeckt zu sein, m\u00fcssen Sie eine offizielle Kopie des Polizeiberichts haben.<\/li>\n\n\n\n<li>Parken ist nur in Parkpl\u00e4tzen erlaubt und nicht auf den zentralen Stra\u00dfen.<\/li>\n<\/ul>\n\n\n\n<h4 class=\"gb-headline gb-headline-74d150ef gb-headline-text\">Fahrzeugabgabe:<\/h4>\n\n\n\n<ul class=\"wp-block-list\">\n<li>Der Mieter muss das Fahrzeug zum vereinbarten Datum und Zeitpunkt im gleichen Zustand zur\u00fcckgeben.<\/li>\n\n\n\n<li>Der Tank muss denselben F\u00fcllstand wie auf der Quittung haben; es gibt keine R\u00fcckerstattung f\u00fcr nicht genutztes Benzin.<\/li>\n\n\n\n<li>Moto Power erlaubt eine Verl\u00e4ngerung von 30 Minuten nach der vereinbarten R\u00fcckgabezeit ohne zus\u00e4tzliche Kosten.<\/li>\n\n\n\n<li>Wenn der Mieter die 30-min\u00fctige Verl\u00e4ngerung \u00fcberschreitet, wird ihm ein ganzer Tag berechnet.<\/li>\n<\/ul>\n\n\n\n<h4 class=\"gb-headline gb-headline-f8f6ce14 gb-headline-text\">Fahrzeugersatz:<\/h4>\n\n\n\n<ul class=\"wp-block-list\">\n<li>Moto Power beh\u00e4lt sich das Recht vor, das Fahrzeug in besonderen F\u00e4llen zu wechseln.<\/li>\n<\/ul>\n\n\n\n<h4 class=\"gb-headline gb-headline-f4aad996 gb-headline-text\">Exkursionen au\u00dferhalb der Insel:<\/h4>\n\n\n\n<ul class=\"wp-block-list\">\n<li>Dies ist nur mit der Zustimmung von Moto Power gestattet.<\/li>\n<\/ul>\n\n\n\n<h4 class=\"gb-headline gb-headline-7879fa0f gb-headline-text\">Stornierungsbedingungen:<\/h4>\n\n\n\n<ul class=\"wp-block-list\">\n<li>Wenn der Mieter die Reservierung eine Woche vor dem Abholtermin storniert, erstattet Moto Power den vollen Betrag der geleisteten Anzahlung.<\/li>\n\n\n\n<li>Wenn das Auto fr\u00fcher als das im Vertrag angegebene Datum und die angegebene Uhrzeit zur\u00fcckgegeben wird, hat Moto Power das Recht, dem Mieter den gesamten Zeitraum in voller H\u00f6he zu berechnen.<\/li>\n<\/ul>\n\n\n\n<h4 class=\"gb-headline gb-headline-5468b807 gb-headline-text\">Unsere Preise beinhalten:<\/h4>\n\n\n\n<ul class=\"wp-block-list\">\n<li><strong>Versicherung:<\/strong> Haftpflichtversicherung f\u00fcr Dritte.<\/li>\n\n\n\n<li><strong>Pannenhilfe:<\/strong> Rund um die Uhr.<\/li>\n\n\n\n<li><strong>Kilometer: <\/strong>Unbegrenzt.<\/li>\n\n\n\n<li><strong>Zweiter Fahrer:<\/strong> Ohne Aufpreis.<\/li>\n\n\n\n<li><strong>Kindersitz:<\/strong> Ohne Aufpreis, muss im Voraus reserviert werden.<\/li>\n\n\n\n<li><strong>Stra\u00dfenkarten:<\/strong> Ohne Aufpreis erh\u00e4ltlich.<\/li>\n\n\n\n<li><strong>Fahrzeugabholung\/-abgabe:<\/strong> Am Hafen, am Flughafen oder in Ihrem Hotel (im Umkreis von 7-10 km von unserer Basis), kostenlos.<br><\/li>\n<\/ul>\n\n\n\n<h4 class=\"gb-headline gb-headline-f1ad6e0e gb-headline-text\">Fahrzeugwartung:<\/h4>\n\n\n\n<ul class=\"wp-block-list\">\n<li>Die Autos sind sauber und gut gepflegt.<\/li>\n\n\n\n<li>Im Falle von Autoproblemen wird das Fahrzeug sofort ersetzt.<\/li>\n\n\n\n<li>Sicherheitsgurte sind in allen Fahrzeugen vorhanden und m\u00fcssen getragen werden.<\/li>\n\n\n\n<li>Die Haftpflichtversicherung f\u00fcr Dritte ist im Basispreis enthalten. Weitere Versicherungen sind gegen Aufpreis erh\u00e4ltlich.<\/li>\n\n\n\n<li>Ein GPS-System kann nach Best\u00e4tigung der Reservierung bereitgestellt werden.<\/li>\n<\/ul>\n\n\n\n<h4 class=\"gb-headline gb-headline-61959ad4 gb-headline-text\">Versicherung:<\/h4>\n\n\n\n<ul class=\"wp-block-list\">\n<li>Die Basispreise beinhalten eine Haftpflichtversicherung und unbegrenzte Kilometer.<\/li>\n\n\n\n<li>Zus\u00e4tzliche Versicherungsoptionen wie CDW (Collision Damage Waiver) und F.D.W. (Full Damage Waiver) sind gegen Aufpreis erh\u00e4ltlich.<\/li>\n\n\n\n<li><em>Bitte beachten Sie: Es gibt keine vollst\u00e4ndige Schadensversicherung f\u00fcr Kategorie G.<\/em><\/li>\n<\/ul>\n\n\n\n<h4 class=\"gb-headline gb-headline-ad2b050b gb-headline-text\">Motorrad- &amp; ATV-Mietinformationen:<\/h4>\n\n\n\n<ul class=\"wp-block-list\">\n<li><strong>Unsere Preise beinhalten:<\/strong><\/li>\n\n\n\n<li><strong>Versicherung:<\/strong> Haftpflichtversicherung f\u00fcr Dritte.<\/li>\n\n\n\n<li><strong>Pannenhilfe:<\/strong> Rund um die Uhr.<\/li>\n\n\n\n<li><strong>Kilometer:<\/strong> Unbegrenzt.<\/li>\n\n\n\n<li><strong>Stra\u00dfenkarten:<\/strong> Ohne Aufpreis erh\u00e4ltlich.<\/li>\n\n\n\n<li><strong>Helme:<\/strong> Kostenlos.<\/li>\n\n\n\n<li><strong>ATV-K\u00e4sten: <\/strong>Ohne Aufpreis.<\/li>\n\n\n\n<li><strong>Fahrzeugabholung\/-abgabe:<\/strong> Am Hafen, am Flughafen oder in Ihrem Hotel (im Umkreis von 7-10 km von unserer Basis), kostenlos.<\/li>\n<\/ul>\n\n\n\n<h4 class=\"gb-headline gb-headline-0693febc gb-headline-text\">Moto Mietbedingungen:<\/h4>\n\n\n\n<ul class=\"wp-block-list\">\n<li>Die Nutzung einer Kreditkarte ist als Garantie f\u00fcr die Anmietung eines Fahrzeugs erforderlich.<\/li>\n\n\n\n<li>Der Mietpreis beinhaltet eine Haftpflichtversicherung.<\/li>\n\n\n\n<li>Durch Zahlung von 3,00 \u20ac pro Tag erhalten Sie die C.D.W. (Collision Damage Waiver)-Versicherung, mit der Ihre Haftung im Falle eines Unfalls auf maximal 180\u20ac begrenzt wird.<\/li>\n\n\n\n<li>F\u00fcr Fahrzeuge ab 125 ccm und mehr betr\u00e4gt der Aufpreis f\u00fcr CDW 5,00 \u20ac pro Tag, und im Falle eines Unfalls ist Ihre Haftung auf maximal 250\u20ac begrenzt.<\/li>\n\n\n\n<li>F\u00fcr Fahrzeuge ab 251 ccm und mehr betr\u00e4gt der Aufpreis f\u00fcr CDW 7,00 \u20ac pro Tag, und im Falle eines Unfalls ist Ihre Haftung auf maximal 370\u20ac begrenzt.<\/li>\n\n\n\n<li>Im Falle eines Reifenschadens, wenn Sie zus\u00e4tzlich 2,00 \u20ac pro Tag zahlen, wird Ihnen keine Geb\u00fchr von 0,50 \u20ac\/km und 10 \u20ac f\u00fcr den Reparaturservice berechnet.<\/li>\n\n\n\n<li>Steuern: Alle Preise unterliegen der Mehrwertsteuer von 24% + M.T.<\/li>\n\n\n\n<li>Mindestmietdauer: Ein Tag.<\/li>\n\n\n\n<li>Parken ist in der Papavasileiou-Stra\u00dfe sowie auf der Chora-Promenade verboten. Es ist nur in den kommunalen Parkbereichen erlaubt.<\/li>\n\n\n\n<li>Verkehrsstrafen: Alle w\u00e4hrend des Mietzeitraums anfallenden Verkehrsstrafen sind vom Mieter zu bezahlen.<\/li>\n\n\n\n<li>Kostenlose Lieferung\/Abholung vom Hafen, Flughafen und Hotels innerhalb des Stadtgebiets.<\/li>\n<\/ul>\n\n\n\n<h4 class=\"gb-headline gb-headline-2e1173dd gb-headline-text\">ATV-Mietbedingungen:<\/h4>\n\n\n\n<ul class=\"wp-block-list\">\n<li>Zus\u00e4tzlich zu den oben genannten Moto-Mietbedingungen gelten f\u00fcr ATVs folgende Bestimmungen:<\/li>\n\n\n\n<li>F\u00fcr ATVs ab 100 ccm betr\u00e4gt der Aufpreis f\u00fcr CDW 5,00 \u20ac pro Tag, und im Falle eines Unfalls ist Ihre Haftung auf maximal 380\u20ac begrenzt.<\/li>\n\n\n\n<li>F\u00fcr ATVs ab 300 ccm betr\u00e4gt der Aufpreis f\u00fcr CDW 7,00 \u20ac pro Tag, und im Falle eines Unfalls ist Ihre Haftung auf maximal 550\u20ac begrenzt.<\/li>\n\n\n\n<li>F\u00fcr ATVs ab 450 ccm betr\u00e4gt der Aufpreis f\u00fcr CDW 9,00 \u20ac pro Tag, und im Falle eines Unfalls ist Ihre Haftung auf maximal 880 \u20ac begrenzt.<\/li>\n<\/ul>\n\n\n\n<h4 class=\"gb-headline gb-headline-96db4983 gb-headline-text\">Pers\u00f6nliche Informationen:<\/h4>\n\n\n\n<ul class=\"wp-block-list\">\n<li>MOTOPOWER wird die pers\u00f6nlichen Informationen des Mieters, die in dem Formular auf der R\u00fcckseite ausgef\u00fcllt werden, in seinen Aufzeichnungen f\u00fchren, um die ordnungsgem\u00e4\u00dfe Erf\u00fcllung dieses Vertrages zu gew\u00e4hrleisten und die Verwaltung und Organisation seines Mietwagenunternehmens zu verbessern.<\/li>\n\n\n\n<li>Durch die Unterzeichnung dieses Vertrags erkl\u00e4rt der Mieter ausdr\u00fccklich sein Einverst\u00e4ndnis mit der oben beschriebenen Verarbeitung seiner pers\u00f6nlichen Daten.<\/li>\n<\/ul>\n\n\n\n<p><strong>Gute Fahrt! MOTOPOWER<\/strong><\/p>\n\n<\/div>\n<\/div>","protected":false},"excerpt":{"rendered":"<p>Mietwageninformationen \u2013 MotoPower, Insel Naxos F\u00fchrerschein: Muss mindestens ein Jahr g\u00fcltig sein.Mindestmietdauer: Ein Tag.Steuern und Benzin: Vom Mieter zu zahlen.Garantie: Eine Kreditkarte ist f\u00fcr die &#8230; <\/p>\n<p class=\"read-more-container\"><a title=\"Mietbedingungen\" class=\"read-more button\" href=\"https:\/\/motopower-naxos.com\/de\/rental-terms\/#more-1525\" aria-label=\"Mehr Informationen \u00fcber Mietbedingungen\">Read more<\/a><\/p>\n","protected":false},"author":13,"featured_media":684,"parent":0,"menu_order":3,"comment_status":"closed","ping_status":"closed","template":"","meta":{"_acf_changed":false,"footnotes":""},"class_list":["post-1525","page","type-page","status-publish","has-post-thumbnail"],"acf":[],"yoast_head":"<!-- This site is optimized with the Yoast SEO plugin v27.0 - https:\/\/yoast.com\/product\/yoast-seo-wordpress\/ -->\n<title>Mietbedingungen | MOTO POWER<\/title>\n<meta name=\"robots\" content=\"index, follow, max-snippet:-1, max-image-preview:large, max-video-preview:-1\" \/>\n<link rel=\"canonical\" href=\"https:\/\/motopower-naxos.com\/de\/rental-terms\/\" \/>\n<meta property=\"og:locale\" content=\"de_DE\" \/>\n<meta property=\"og:type\" content=\"article\" \/>\n<meta property=\"og:title\" content=\"Mietbedingungen | MOTO POWER\" \/>\n<meta property=\"og:description\" content=\"Mietwageninformationen \u2013 MotoPower, Insel Naxos F\u00fchrerschein: Muss mindestens ein Jahr g\u00fcltig sein.Mindestmietdauer: Ein Tag.Steuern und Benzin: Vom Mieter zu zahlen.Garantie: Eine Kreditkarte ist f\u00fcr die ... Read more\" \/>\n<meta property=\"og:url\" content=\"https:\/\/motopower-naxos.com\/de\/rental-terms\/\" \/>\n<meta property=\"og:site_name\" content=\"MOTO POWER\" \/>\n<meta property=\"article:modified_time\" content=\"2025-03-31T10:27:58+00:00\" \/>\n<meta property=\"og:image\" content=\"https:\/\/motopower-naxos.com\/wp-content\/uploads\/2024\/10\/about-hero.jpg\" \/>\n\t<meta property=\"og:image:width\" content=\"1920\" \/>\n\t<meta property=\"og:image:height\" content=\"500\" \/>\n\t<meta property=\"og:image:type\" content=\"image\/jpeg\" \/>\n<meta name=\"twitter:card\" content=\"summary_large_image\" \/>\n<meta name=\"twitter:label1\" content=\"Gesch\u00e4tzte Lesezeit\" \/>\n\t<meta name=\"twitter:data1\" content=\"4 Minuten\" \/>\n<script type=\"application\/ld+json\" class=\"yoast-schema-graph\">{\"@context\":\"https:\/\/schema.org\",\"@graph\":[{\"@type\":\"WebPage\",\"@id\":\"https:\/\/motopower-naxos.com\/de\/rental-terms\/\",\"url\":\"https:\/\/motopower-naxos.com\/de\/rental-terms\/\",\"name\":\"Mietbedingungen | MOTO POWER\",\"isPartOf\":{\"@id\":\"https:\/\/motopower-naxos.com\/de\/#website\"},\"primaryImageOfPage\":{\"@id\":\"https:\/\/motopower-naxos.com\/de\/rental-terms\/#primaryimage\"},\"image\":{\"@id\":\"https:\/\/motopower-naxos.com\/de\/rental-terms\/#primaryimage\"},\"thumbnailUrl\":\"https:\/\/motopower-naxos.com\/wp-content\/uploads\/2024\/10\/about-hero.jpg\",\"datePublished\":\"2024-10-23T12:10:46+00:00\",\"dateModified\":\"2025-03-31T10:27:58+00:00\",\"breadcrumb\":{\"@id\":\"https:\/\/motopower-naxos.com\/de\/rental-terms\/#breadcrumb\"},\"inLanguage\":\"de\",\"potentialAction\":[{\"@type\":\"ReadAction\",\"target\":[\"https:\/\/motopower-naxos.com\/de\/rental-terms\/\"]}]},{\"@type\":\"ImageObject\",\"inLanguage\":\"de\",\"@id\":\"https:\/\/motopower-naxos.com\/de\/rental-terms\/#primaryimage\",\"url\":\"https:\/\/motopower-naxos.com\/wp-content\/uploads\/2024\/10\/about-hero.jpg\",\"contentUrl\":\"https:\/\/motopower-naxos.com\/wp-content\/uploads\/2024\/10\/about-hero.jpg\",\"width\":1920,\"height\":500},{\"@type\":\"BreadcrumbList\",\"@id\":\"https:\/\/motopower-naxos.com\/de\/rental-terms\/#breadcrumb\",\"itemListElement\":[{\"@type\":\"ListItem\",\"position\":1,\"name\":\"Home\",\"item\":\"https:\/\/motopower-naxos.com\/de\/\"},{\"@type\":\"ListItem\",\"position\":2,\"name\":\"Mietbedingungen\"}]},{\"@type\":\"WebSite\",\"@id\":\"https:\/\/motopower-naxos.com\/de\/#website\",\"url\":\"https:\/\/motopower-naxos.com\/de\/\",\"name\":\"Moto Power Naxos\",\"description\":\"\",\"publisher\":{\"@id\":\"https:\/\/motopower-naxos.com\/de\/#organization\"},\"alternateName\":\"Moto Power Rent A Car Naxos\",\"potentialAction\":[{\"@type\":\"SearchAction\",\"target\":{\"@type\":\"EntryPoint\",\"urlTemplate\":\"https:\/\/motopower-naxos.com\/de\/?s={search_term_string}\"},\"query-input\":{\"@type\":\"PropertyValueSpecification\",\"valueRequired\":true,\"valueName\":\"search_term_string\"}}],\"inLanguage\":\"de\"},{\"@type\":\"Organization\",\"@id\":\"https:\/\/motopower-naxos.com\/de\/#organization\",\"name\":\"Moto Power Naxos\",\"url\":\"https:\/\/motopower-naxos.com\/de\/\",\"logo\":{\"@type\":\"ImageObject\",\"inLanguage\":\"de\",\"@id\":\"https:\/\/motopower-naxos.com\/de\/#\/schema\/logo\/image\/\",\"url\":\"https:\/\/motopower-naxos.com\/wp-content\/uploads\/2024\/10\/logo.png\",\"contentUrl\":\"https:\/\/motopower-naxos.com\/wp-content\/uploads\/2024\/10\/logo.png\",\"width\":283,\"height\":51,\"caption\":\"Moto Power Naxos\"},\"image\":{\"@id\":\"https:\/\/motopower-naxos.com\/de\/#\/schema\/logo\/image\/\"}}]}<\/script>\n<!-- \/ Yoast SEO plugin. -->","yoast_head_json":{"title":"Mietbedingungen | MOTO POWER","robots":{"index":"index","follow":"follow","max-snippet":"max-snippet:-1","max-image-preview":"max-image-preview:large","max-video-preview":"max-video-preview:-1"},"canonical":"https:\/\/motopower-naxos.com\/de\/rental-terms\/","og_locale":"de_DE","og_type":"article","og_title":"Mietbedingungen | MOTO POWER","og_description":"Mietwageninformationen \u2013 MotoPower, Insel Naxos F\u00fchrerschein: Muss mindestens ein Jahr g\u00fcltig sein.Mindestmietdauer: Ein Tag.Steuern und Benzin: Vom Mieter zu zahlen.Garantie: Eine Kreditkarte ist f\u00fcr die ... Read more","og_url":"https:\/\/motopower-naxos.com\/de\/rental-terms\/","og_site_name":"MOTO POWER","article_modified_time":"2025-03-31T10:27:58+00:00","og_image":[{"width":1920,"height":500,"url":"https:\/\/motopower-naxos.com\/wp-content\/uploads\/2024\/10\/about-hero.jpg","type":"image\/jpeg"}],"twitter_card":"summary_large_image","twitter_misc":{"Gesch\u00e4tzte Lesezeit":"4 Minuten"},"schema":{"@context":"https:\/\/schema.org","@graph":[{"@type":"WebPage","@id":"https:\/\/motopower-naxos.com\/de\/rental-terms\/","url":"https:\/\/motopower-naxos.com\/de\/rental-terms\/","name":"Mietbedingungen | MOTO POWER","isPartOf":{"@id":"https:\/\/motopower-naxos.com\/de\/#website"},"primaryImageOfPage":{"@id":"https:\/\/motopower-naxos.com\/de\/rental-terms\/#primaryimage"},"image":{"@id":"https:\/\/motopower-naxos.com\/de\/rental-terms\/#primaryimage"},"thumbnailUrl":"https:\/\/motopower-naxos.com\/wp-content\/uploads\/2024\/10\/about-hero.jpg","datePublished":"2024-10-23T12:10:46+00:00","dateModified":"2025-03-31T10:27:58+00:00","breadcrumb":{"@id":"https:\/\/motopower-naxos.com\/de\/rental-terms\/#breadcrumb"},"inLanguage":"de","potentialAction":[{"@type":"ReadAction","target":["https:\/\/motopower-naxos.com\/de\/rental-terms\/"]}]},{"@type":"ImageObject","inLanguage":"de","@id":"https:\/\/motopower-naxos.com\/de\/rental-terms\/#primaryimage","url":"https:\/\/motopower-naxos.com\/wp-content\/uploads\/2024\/10\/about-hero.jpg","contentUrl":"https:\/\/motopower-naxos.com\/wp-content\/uploads\/2024\/10\/about-hero.jpg","width":1920,"height":500},{"@type":"BreadcrumbList","@id":"https:\/\/motopower-naxos.com\/de\/rental-terms\/#breadcrumb","itemListElement":[{"@type":"ListItem","position":1,"name":"Home","item":"https:\/\/motopower-naxos.com\/de\/"},{"@type":"ListItem","position":2,"name":"Mietbedingungen"}]},{"@type":"WebSite","@id":"https:\/\/motopower-naxos.com\/de\/#website","url":"https:\/\/motopower-naxos.com\/de\/","name":"Moto Power Naxos","description":"","publisher":{"@id":"https:\/\/motopower-naxos.com\/de\/#organization"},"alternateName":"Moto Power Rent A Car Naxos","potentialAction":[{"@type":"SearchAction","target":{"@type":"EntryPoint","urlTemplate":"https:\/\/motopower-naxos.com\/de\/?s={search_term_string}"},"query-input":{"@type":"PropertyValueSpecification","valueRequired":true,"valueName":"search_term_string"}}],"inLanguage":"de"},{"@type":"Organization","@id":"https:\/\/motopower-naxos.com\/de\/#organization","name":"Moto Power Naxos","url":"https:\/\/motopower-naxos.com\/de\/","logo":{"@type":"ImageObject","inLanguage":"de","@id":"https:\/\/motopower-naxos.com\/de\/#\/schema\/logo\/image\/","url":"https:\/\/motopower-naxos.com\/wp-content\/uploads\/2024\/10\/logo.png","contentUrl":"https:\/\/motopower-naxos.com\/wp-content\/uploads\/2024\/10\/logo.png","width":283,"height":51,"caption":"Moto Power Naxos"},"image":{"@id":"https:\/\/motopower-naxos.com\/de\/#\/schema\/logo\/image\/"}}]}},"_links":{"self":[{"href":"https:\/\/motopower-naxos.com\/de\/wp-json\/wp\/v2\/pages\/1525","targetHints":{"allow":["GET"]}}],"collection":[{"href":"https:\/\/motopower-naxos.com\/de\/wp-json\/wp\/v2\/pages"}],"about":[{"href":"https:\/\/motopower-naxos.com\/de\/wp-json\/wp\/v2\/types\/page"}],"author":[{"embeddable":true,"href":"https:\/\/motopower-naxos.com\/de\/wp-json\/wp\/v2\/users\/13"}],"replies":[{"embeddable":true,"href":"https:\/\/motopower-naxos.com\/de\/wp-json\/wp\/v2\/comments?post=1525"}],"version-history":[{"count":3,"href":"https:\/\/motopower-naxos.com\/de\/wp-json\/wp\/v2\/pages\/1525\/revisions"}],"predecessor-version":[{"id":1881,"href":"https:\/\/motopower-naxos.com\/de\/wp-json\/wp\/v2\/pages\/1525\/revisions\/1881"}],"wp:featuredmedia":[{"embeddable":true,"href":"https:\/\/motopower-naxos.com\/de\/wp-json\/wp\/v2\/media\/684"}],"wp:attachment":[{"href":"https:\/\/motopower-naxos.com\/de\/wp-json\/wp\/v2\/media?parent=1525"}],"curies":[{"name":"wp","href":"https:\/\/api.w.org\/{rel}","templated":true}]}}