{"id":1517,"date":"2024-10-23T14:55:52","date_gmt":"2024-10-23T11:55:52","guid":{"rendered":"https:\/\/motopower-naxos.com\/?page_id=1517"},"modified":"2025-03-31T13:02:22","modified_gmt":"2025-03-31T10:02:22","slug":"faqs","status":"publish","type":"page","link":"https:\/\/motopower-naxos.com\/de\/faqs\/","title":{"rendered":"H\u00e4ufig gestellte Fragen"},"content":{"rendered":"<div class=\"gb-container gb-container-b3bc94b2 faqs-section1\">\n<div class=\"gb-container gb-container-ed204a84 inner-container\">\n<div class=\"yoast-breadcrumbs\"><span><span><a href=\"https:\/\/motopower-naxos.com\/de\/\">Home<\/a><\/span> | <span class=\"breadcrumb_last\" aria-current=\"page\">H\u00e4ufig gestellte Fragen<\/span><\/span><\/div>\n\n<div class=\"gb-container gb-container-31b30952 gb-accordion\">\n<div class=\"gb-container gb-container-007d37e2 gb-accordion__item gb-accordion__item-open\" data-transition=\"slide\">\n\n<button class=\"gb-button gb-button-95419681 gb-accordion__toggle gb-block-is-current\" id=\"gb-accordion-toggle-95419681\"><span class=\"gb-button-text\">Welche Lizenz wird ben\u00f6tigt?<\/span><span class=\"gb-icon\"><svg xmlns=\"http:\/\/www.w3.org\/2000\/svg\" viewBox=\"0 0 448 512\" width=\"1em\" height=\"1em\" aria-hidden=\"true\" role=\"img\" class=\"gb-accordion__icon\"><path d=\"M207.029 381.476L12.686 187.132c-9.373-9.373-9.373-24.569 0-33.941l22.667-22.667c9.357-9.357 24.522-9.375 33.901-.04L224 284.505l154.745-154.021c9.379-9.335 24.544-9.317 33.901.04l22.667 22.667c9.373 9.373 9.373 24.569 0 33.941L240.971 381.476c-9.373 9.372-24.569 9.372-33.942 0z\" fill=\"currentColor\"><\/path><\/svg><svg xmlns=\"http:\/\/www.w3.org\/2000\/svg\" viewBox=\"0 0 448 512\" width=\"1em\" height=\"1em\" aria-hidden=\"true\" role=\"img\" class=\"gb-accordion__icon-open\"><path d=\"M240.971 130.524l194.343 194.343c9.373 9.373 9.373 24.569 0 33.941l-22.667 22.667c-9.357 9.357-24.522 9.375-33.901.04L224 227.495 69.255 381.516c-9.379 9.335-24.544 9.317-33.901-.04l-22.667-22.667c-9.373-9.373-9.373-24.569 0-33.941L207.03 130.525c9.372-9.373 24.568-9.373 33.941-.001z\" fill=\"currentColor\"><\/path><\/svg><\/span><\/button>\n\n\n<div id=\"gb-accordion-content-d8be7918\" class=\"gb-accordion__content\"><div class=\"gb-container gb-container-d8be7918\">\n\n<p>Ein g\u00fcltiger F\u00fchrerschein, der seit mindestens einem Jahr g\u00fcltig ist, wird ben\u00f6tigt.<\/p>\n\n<\/div><\/div>\n<\/div>\n\n<div class=\"gb-container gb-container-c2588e35 gb-accordion__item\" data-transition=\"slide\">\n\n<button class=\"gb-button gb-button-d55921c2 gb-accordion__toggle\" id=\"gb-accordion-toggle-d55921c2\"><span class=\"gb-button-text\">Was ist die minimale Mietdauer?<\/span><span class=\"gb-icon\"><svg xmlns=\"http:\/\/www.w3.org\/2000\/svg\" viewBox=\"0 0 448 512\" width=\"1em\" height=\"1em\" aria-hidden=\"true\" role=\"img\" class=\"gb-accordion__icon\"><path d=\"M207.029 381.476L12.686 187.132c-9.373-9.373-9.373-24.569 0-33.941l22.667-22.667c9.357-9.357 24.522-9.375 33.901-.04L224 284.505l154.745-154.021c9.379-9.335 24.544-9.317 33.901.04l22.667 22.667c9.373 9.373 9.373 24.569 0 33.941L240.971 381.476c-9.373 9.372-24.569 9.372-33.942 0z\" fill=\"currentColor\"><\/path><\/svg><svg xmlns=\"http:\/\/www.w3.org\/2000\/svg\" viewBox=\"0 0 448 512\" width=\"1em\" height=\"1em\" aria-hidden=\"true\" role=\"img\" class=\"gb-accordion__icon-open\"><path d=\"M240.971 130.524l194.343 194.343c9.373 9.373 9.373 24.569 0 33.941l-22.667 22.667c-9.357 9.357-24.522 9.375-33.901.04L224 227.495 69.255 381.516c-9.379 9.335-24.544 9.317-33.901-.04l-22.667-22.667c-9.373-9.373-9.373-24.569 0-33.941L207.03 130.525c9.372-9.373 24.568-9.373 33.941-.001z\" fill=\"currentColor\"><\/path><\/svg><\/span><\/button>\n\n\n<div id=\"gb-accordion-content-8c3585da\" class=\"gb-accordion__content\"><div class=\"gb-container gb-container-8c3585da\">\n\n<p>Die minimale Mietdauer betr\u00e4gt einen Tag.<\/p>\n\n<\/div><\/div>\n<\/div>\n\n<div class=\"gb-container gb-container-80e2d1b8 gb-accordion__item\" data-transition=\"slide\">\n\n<button class=\"gb-button gb-button-23395c06 gb-accordion__toggle\" id=\"gb-accordion-toggle-23395c06\"><span class=\"gb-button-text\">Was ist die Garantieanforderung?<\/span><span class=\"gb-icon\"><svg xmlns=\"http:\/\/www.w3.org\/2000\/svg\" viewBox=\"0 0 448 512\" width=\"1em\" height=\"1em\" aria-hidden=\"true\" role=\"img\" class=\"gb-accordion__icon\"><path d=\"M207.029 381.476L12.686 187.132c-9.373-9.373-9.373-24.569 0-33.941l22.667-22.667c9.357-9.357 24.522-9.375 33.901-.04L224 284.505l154.745-154.021c9.379-9.335 24.544-9.317 33.901.04l22.667 22.667c9.373 9.373 9.373 24.569 0 33.941L240.971 381.476c-9.373 9.372-24.569 9.372-33.942 0z\" fill=\"currentColor\"><\/path><\/svg><svg xmlns=\"http:\/\/www.w3.org\/2000\/svg\" viewBox=\"0 0 448 512\" width=\"1em\" height=\"1em\" aria-hidden=\"true\" role=\"img\" class=\"gb-accordion__icon-open\"><path d=\"M240.971 130.524l194.343 194.343c9.373 9.373 9.373 24.569 0 33.941l-22.667 22.667c-9.357 9.357-24.522 9.375-33.901.04L224 227.495 69.255 381.516c-9.379 9.335-24.544 9.317-33.901-.04l-22.667-22.667c-9.373-9.373-9.373-24.569 0-33.941L207.03 130.525c9.372-9.373 24.568-9.373 33.941-.001z\" fill=\"currentColor\"><\/path><\/svg><\/span><\/button>\n\n\n<div id=\"gb-accordion-content-b7b790cf\" class=\"gb-accordion__content\"><div class=\"gb-container gb-container-b7b790cf\">\n\n<p>Eine Kreditkarte ist f\u00fcr die Fahrzeugmiete erforderlich, und wir akzeptieren alle g\u00e4ngigen Kreditkarten.<\/p>\n\n<\/div><\/div>\n<\/div>\n\n<div class=\"gb-container gb-container-1321b9c9 gb-accordion__item\" data-transition=\"slide\">\n\n<button class=\"gb-button gb-button-0a205558 gb-accordion__toggle\" id=\"gb-accordion-toggle-0a205558\"><span class=\"gb-button-text\">Welche Versicherung ist enthalten?<\/span><span class=\"gb-icon\"><svg xmlns=\"http:\/\/www.w3.org\/2000\/svg\" viewBox=\"0 0 448 512\" width=\"1em\" height=\"1em\" aria-hidden=\"true\" role=\"img\" class=\"gb-accordion__icon\"><path d=\"M207.029 381.476L12.686 187.132c-9.373-9.373-9.373-24.569 0-33.941l22.667-22.667c9.357-9.357 24.522-9.375 33.901-.04L224 284.505l154.745-154.021c9.379-9.335 24.544-9.317 33.901.04l22.667 22.667c9.373 9.373 9.373 24.569 0 33.941L240.971 381.476c-9.373 9.372-24.569 9.372-33.942 0z\" fill=\"currentColor\"><\/path><\/svg><svg xmlns=\"http:\/\/www.w3.org\/2000\/svg\" viewBox=\"0 0 448 512\" width=\"1em\" height=\"1em\" aria-hidden=\"true\" role=\"img\" class=\"gb-accordion__icon-open\"><path d=\"M240.971 130.524l194.343 194.343c9.373 9.373 9.373 24.569 0 33.941l-22.667 22.667c-9.357 9.357-24.522 9.375-33.901.04L224 227.495 69.255 381.516c-9.379 9.335-24.544 9.317-33.901-.04l-22.667-22.667c-9.373-9.373-9.373-24.569 0-33.941L207.03 130.525c9.372-9.373 24.568-9.373 33.941-.001z\" fill=\"currentColor\"><\/path><\/svg><\/span><\/button>\n\n\n<div id=\"gb-accordion-content-91f812d8\" class=\"gb-accordion__content\"><div class=\"gb-container gb-container-91f812d8\">\n\n<p>Alle Fahrzeuge sind f\u00fcr Unf\u00e4lle mit Dritten versichert, und zus\u00e4tzliche Versicherungsoptionen wie CDW und LDW sind gegen Aufpreis verf\u00fcgbar.<\/p>\n\n<\/div><\/div>\n<\/div>\n\n<div class=\"gb-container gb-container-f1b8b7b7 gb-accordion__item\" data-transition=\"slide\">\n\n<button class=\"gb-button gb-button-a8118f21 gb-accordion__toggle\" id=\"gb-accordion-toggle-a8118f21\"><span class=\"gb-button-text\">Wie lauten die R\u00fcckgabeverfahren?<\/span><span class=\"gb-icon\"><svg xmlns=\"http:\/\/www.w3.org\/2000\/svg\" viewBox=\"0 0 448 512\" width=\"1em\" height=\"1em\" aria-hidden=\"true\" role=\"img\" class=\"gb-accordion__icon\"><path d=\"M207.029 381.476L12.686 187.132c-9.373-9.373-9.373-24.569 0-33.941l22.667-22.667c9.357-9.357 24.522-9.375 33.901-.04L224 284.505l154.745-154.021c9.379-9.335 24.544-9.317 33.901.04l22.667 22.667c9.373 9.373 9.373 24.569 0 33.941L240.971 381.476c-9.373 9.372-24.569 9.372-33.942 0z\" fill=\"currentColor\"><\/path><\/svg><svg xmlns=\"http:\/\/www.w3.org\/2000\/svg\" viewBox=\"0 0 448 512\" width=\"1em\" height=\"1em\" aria-hidden=\"true\" role=\"img\" class=\"gb-accordion__icon-open\"><path d=\"M240.971 130.524l194.343 194.343c9.373 9.373 9.373 24.569 0 33.941l-22.667 22.667c-9.357 9.357-24.522 9.375-33.901.04L224 227.495 69.255 381.516c-9.379 9.335-24.544 9.317-33.901-.04l-22.667-22.667c-9.373-9.373-9.373-24.569 0-33.941L207.03 130.525c9.372-9.373 24.568-9.373 33.941-.001z\" fill=\"currentColor\"><\/path><\/svg><\/span><\/button>\n\n\n<div id=\"gb-accordion-content-a818e507\" class=\"gb-accordion__content\"><div class=\"gb-container gb-container-a818e507\">\n\n<p>Der Mieter muss das Fahrzeug am angegebenen Datum und zur angegebenen Uhrzeit im gleichen Zustand zur\u00fcckgeben. Es wird eine Kulanzzeit von 30 Minuten gew\u00e4hrt; andernfalls wird der volle Tag berechnet.<\/p>\n\n<\/div><\/div>\n<\/div>\n\n<div class=\"gb-container gb-container-88d3fa2a gb-accordion__item\" data-transition=\"slide\">\n\n<button class=\"gb-button gb-button-993a3ea4 gb-accordion__toggle\" id=\"gb-accordion-toggle-993a3ea4\"><span class=\"gb-button-text\">Sind Ausfl\u00fcge au\u00dferhalb der Insel erlaubt?<\/span><span class=\"gb-icon\"><svg xmlns=\"http:\/\/www.w3.org\/2000\/svg\" viewBox=\"0 0 448 512\" width=\"1em\" height=\"1em\" aria-hidden=\"true\" role=\"img\" class=\"gb-accordion__icon\"><path d=\"M207.029 381.476L12.686 187.132c-9.373-9.373-9.373-24.569 0-33.941l22.667-22.667c9.357-9.357 24.522-9.375 33.901-.04L224 284.505l154.745-154.021c9.379-9.335 24.544-9.317 33.901.04l22.667 22.667c9.373 9.373 9.373 24.569 0 33.941L240.971 381.476c-9.373 9.372-24.569 9.372-33.942 0z\" fill=\"currentColor\"><\/path><\/svg><svg xmlns=\"http:\/\/www.w3.org\/2000\/svg\" viewBox=\"0 0 448 512\" width=\"1em\" height=\"1em\" aria-hidden=\"true\" role=\"img\" class=\"gb-accordion__icon-open\"><path d=\"M240.971 130.524l194.343 194.343c9.373 9.373 9.373 24.569 0 33.941l-22.667 22.667c-9.357 9.357-24.522 9.375-33.901.04L224 227.495 69.255 381.516c-9.379 9.335-24.544 9.317-33.901-.04l-22.667-22.667c-9.373-9.373-9.373-24.569 0-33.941L207.03 130.525c9.372-9.373 24.568-9.373 33.941-.001z\" fill=\"currentColor\"><\/path><\/svg><\/span><\/button>\n\n\n<div id=\"gb-accordion-content-b2674e74\" class=\"gb-accordion__content\"><div class=\"gb-container gb-container-b2674e74\">\n\n<p>Ausfl\u00fcge au\u00dferhalb der Insel erfordern die Zustimmung von MotoPower.<\/p>\n\n<\/div><\/div>\n<\/div>\n\n<div class=\"gb-container gb-container-0263fd3a gb-accordion__item\" data-transition=\"slide\">\n\n<button class=\"gb-button gb-button-640ddf0d gb-accordion__toggle\" id=\"gb-accordion-toggle-640ddf0d\"><span class=\"gb-button-text\">Wie lautet die Stornierungsrichtlinie?<\/span><span class=\"gb-icon\"><svg xmlns=\"http:\/\/www.w3.org\/2000\/svg\" viewBox=\"0 0 448 512\" width=\"1em\" height=\"1em\" aria-hidden=\"true\" role=\"img\" class=\"gb-accordion__icon\"><path d=\"M207.029 381.476L12.686 187.132c-9.373-9.373-9.373-24.569 0-33.941l22.667-22.667c9.357-9.357 24.522-9.375 33.901-.04L224 284.505l154.745-154.021c9.379-9.335 24.544-9.317 33.901.04l22.667 22.667c9.373 9.373 9.373 24.569 0 33.941L240.971 381.476c-9.373 9.372-24.569 9.372-33.942 0z\" fill=\"currentColor\"><\/path><\/svg><svg xmlns=\"http:\/\/www.w3.org\/2000\/svg\" viewBox=\"0 0 448 512\" width=\"1em\" height=\"1em\" aria-hidden=\"true\" role=\"img\" class=\"gb-accordion__icon-open\"><path d=\"M240.971 130.524l194.343 194.343c9.373 9.373 9.373 24.569 0 33.941l-22.667 22.667c-9.357 9.357-24.522 9.375-33.901.04L224 227.495 69.255 381.516c-9.379 9.335-24.544 9.317-33.901-.04l-22.667-22.667c-9.373-9.373-9.373-24.569 0-33.941L207.03 130.525c9.372-9.373 24.568-9.373 33.941-.001z\" fill=\"currentColor\"><\/path><\/svg><\/span><\/button>\n\n\n<div id=\"gb-accordion-content-f65784c0\" class=\"gb-accordion__content\"><div class=\"gb-container gb-container-f65784c0\">\n\n<p>Stornierungen, die eine Woche vor dem Abholdatum erfolgen, erhalten eine vollst\u00e4ndige R\u00fcckerstattung der Anzahlung. Vorzeitige R\u00fcckgaben k\u00f6nnen zu Geb\u00fchren f\u00fcr den gesamten Mietzeitraum f\u00fchren.<\/p>\n\n<\/div><\/div>\n<\/div>\n\n<div class=\"gb-container gb-container-00a8b189 gb-accordion__item\" data-transition=\"slide\">\n\n<button class=\"gb-button gb-button-2002eba9 gb-accordion__toggle\" id=\"gb-accordion-toggle-2002eba9\"><span class=\"gb-button-text\">Was ist in den Preisen enthalten?<\/span><span class=\"gb-icon\"><svg xmlns=\"http:\/\/www.w3.org\/2000\/svg\" viewBox=\"0 0 448 512\" width=\"1em\" height=\"1em\" aria-hidden=\"true\" role=\"img\" class=\"gb-accordion__icon\"><path d=\"M207.029 381.476L12.686 187.132c-9.373-9.373-9.373-24.569 0-33.941l22.667-22.667c9.357-9.357 24.522-9.375 33.901-.04L224 284.505l154.745-154.021c9.379-9.335 24.544-9.317 33.901.04l22.667 22.667c9.373 9.373 9.373 24.569 0 33.941L240.971 381.476c-9.373 9.372-24.569 9.372-33.942 0z\" fill=\"currentColor\"><\/path><\/svg><svg xmlns=\"http:\/\/www.w3.org\/2000\/svg\" viewBox=\"0 0 448 512\" width=\"1em\" height=\"1em\" aria-hidden=\"true\" role=\"img\" class=\"gb-accordion__icon-open\"><path d=\"M240.971 130.524l194.343 194.343c9.373 9.373 9.373 24.569 0 33.941l-22.667 22.667c-9.357 9.357-24.522 9.375-33.901.04L224 227.495 69.255 381.516c-9.379 9.335-24.544 9.317-33.901-.04l-22.667-22.667c-9.373-9.373-9.373-24.569 0-33.941L207.03 130.525c9.372-9.373 24.568-9.373 33.941-.001z\" fill=\"currentColor\"><\/path><\/svg><\/span><\/button>\n\n\n<div id=\"gb-accordion-content-fb5949df\" class=\"gb-accordion__content\"><div class=\"gb-container gb-container-fb5949df\">\n\n<p>Die Preise beinhalten Versicherung, Pannenhilfe, unbegrenzte Kilometer, keine zus\u00e4tzlichen Kosten f\u00fcr einen zweiten Fahrer, Kindersitzreservierungen, Stra\u00dfenkarten und kostenlose Abholung\/R\u00fcckgabe an den angegebenen Orten.<\/p>\n\n<\/div><\/div>\n<\/div>\n<\/div>\n<\/div>\n<\/div>","protected":false},"excerpt":{"rendered":"<p>Ein g\u00fcltiger F\u00fchrerschein, der seit mindestens einem Jahr g\u00fcltig ist, wird ben\u00f6tigt. Die minimale Mietdauer betr\u00e4gt einen Tag. Eine Kreditkarte ist f\u00fcr die Fahrzeugmiete erforderlich, &#8230; <\/p>\n<p class=\"read-more-container\"><a title=\"H\u00e4ufig gestellte Fragen\" class=\"read-more button\" href=\"https:\/\/motopower-naxos.com\/de\/faqs\/#more-1517\" aria-label=\"Mehr Informationen \u00fcber H\u00e4ufig gestellte Fragen\">Read more<\/a><\/p>\n","protected":false},"author":13,"featured_media":684,"parent":0,"menu_order":2,"comment_status":"closed","ping_status":"closed","template":"","meta":{"_acf_changed":false,"footnotes":""},"class_list":["post-1517","page","type-page","status-publish","has-post-thumbnail"],"acf":[],"yoast_head":"<!-- This site is optimized with the Yoast SEO plugin v27.0 - https:\/\/yoast.com\/product\/yoast-seo-wordpress\/ -->\n<title>H\u00e4ufig gestellte Fragen | MOTO POWER<\/title>\n<meta name=\"robots\" content=\"index, follow, max-snippet:-1, max-image-preview:large, max-video-preview:-1\" \/>\n<link rel=\"canonical\" href=\"https:\/\/motopower-naxos.com\/de\/faqs\/\" \/>\n<meta property=\"og:locale\" content=\"de_DE\" \/>\n<meta property=\"og:type\" content=\"article\" \/>\n<meta property=\"og:title\" content=\"H\u00e4ufig gestellte Fragen | MOTO POWER\" \/>\n<meta property=\"og:description\" content=\"Ein g\u00fcltiger F\u00fchrerschein, der seit mindestens einem Jahr g\u00fcltig ist, wird ben\u00f6tigt. Die minimale Mietdauer betr\u00e4gt einen Tag. Eine Kreditkarte ist f\u00fcr die Fahrzeugmiete erforderlich, ... Read more\" \/>\n<meta property=\"og:url\" content=\"https:\/\/motopower-naxos.com\/de\/faqs\/\" \/>\n<meta property=\"og:site_name\" content=\"MOTO POWER\" \/>\n<meta property=\"article:modified_time\" content=\"2025-03-31T10:02:22+00:00\" \/>\n<meta property=\"og:image\" content=\"https:\/\/motopower-naxos.com\/wp-content\/uploads\/2024\/10\/about-hero.jpg\" \/>\n\t<meta property=\"og:image:width\" content=\"1920\" \/>\n\t<meta property=\"og:image:height\" content=\"500\" \/>\n\t<meta property=\"og:image:type\" content=\"image\/jpeg\" \/>\n<meta name=\"twitter:card\" content=\"summary_large_image\" \/>\n<meta name=\"twitter:label1\" content=\"Gesch\u00e4tzte Lesezeit\" \/>\n\t<meta name=\"twitter:data1\" content=\"1 Minute\" \/>\n<script type=\"application\/ld+json\" class=\"yoast-schema-graph\">{\"@context\":\"https:\/\/schema.org\",\"@graph\":[{\"@type\":\"WebPage\",\"@id\":\"https:\/\/motopower-naxos.com\/de\/faqs\/\",\"url\":\"https:\/\/motopower-naxos.com\/de\/faqs\/\",\"name\":\"H\u00e4ufig gestellte Fragen | MOTO POWER\",\"isPartOf\":{\"@id\":\"https:\/\/motopower-naxos.com\/de\/#website\"},\"primaryImageOfPage\":{\"@id\":\"https:\/\/motopower-naxos.com\/de\/faqs\/#primaryimage\"},\"image\":{\"@id\":\"https:\/\/motopower-naxos.com\/de\/faqs\/#primaryimage\"},\"thumbnailUrl\":\"https:\/\/motopower-naxos.com\/wp-content\/uploads\/2024\/10\/about-hero.jpg\",\"datePublished\":\"2024-10-23T11:55:52+00:00\",\"dateModified\":\"2025-03-31T10:02:22+00:00\",\"breadcrumb\":{\"@id\":\"https:\/\/motopower-naxos.com\/de\/faqs\/#breadcrumb\"},\"inLanguage\":\"de\",\"potentialAction\":[{\"@type\":\"ReadAction\",\"target\":[\"https:\/\/motopower-naxos.com\/de\/faqs\/\"]}]},{\"@type\":\"ImageObject\",\"inLanguage\":\"de\",\"@id\":\"https:\/\/motopower-naxos.com\/de\/faqs\/#primaryimage\",\"url\":\"https:\/\/motopower-naxos.com\/wp-content\/uploads\/2024\/10\/about-hero.jpg\",\"contentUrl\":\"https:\/\/motopower-naxos.com\/wp-content\/uploads\/2024\/10\/about-hero.jpg\",\"width\":1920,\"height\":500},{\"@type\":\"BreadcrumbList\",\"@id\":\"https:\/\/motopower-naxos.com\/de\/faqs\/#breadcrumb\",\"itemListElement\":[{\"@type\":\"ListItem\",\"position\":1,\"name\":\"Home\",\"item\":\"https:\/\/motopower-naxos.com\/de\/\"},{\"@type\":\"ListItem\",\"position\":2,\"name\":\"H\u00e4ufig gestellte Fragen\"}]},{\"@type\":\"WebSite\",\"@id\":\"https:\/\/motopower-naxos.com\/de\/#website\",\"url\":\"https:\/\/motopower-naxos.com\/de\/\",\"name\":\"Moto Power Naxos\",\"description\":\"\",\"publisher\":{\"@id\":\"https:\/\/motopower-naxos.com\/de\/#organization\"},\"alternateName\":\"Moto Power Rent A Car Naxos\",\"potentialAction\":[{\"@type\":\"SearchAction\",\"target\":{\"@type\":\"EntryPoint\",\"urlTemplate\":\"https:\/\/motopower-naxos.com\/de\/?s={search_term_string}\"},\"query-input\":{\"@type\":\"PropertyValueSpecification\",\"valueRequired\":true,\"valueName\":\"search_term_string\"}}],\"inLanguage\":\"de\"},{\"@type\":\"Organization\",\"@id\":\"https:\/\/motopower-naxos.com\/de\/#organization\",\"name\":\"Moto Power Naxos\",\"url\":\"https:\/\/motopower-naxos.com\/de\/\",\"logo\":{\"@type\":\"ImageObject\",\"inLanguage\":\"de\",\"@id\":\"https:\/\/motopower-naxos.com\/de\/#\/schema\/logo\/image\/\",\"url\":\"https:\/\/motopower-naxos.com\/wp-content\/uploads\/2024\/10\/logo.png\",\"contentUrl\":\"https:\/\/motopower-naxos.com\/wp-content\/uploads\/2024\/10\/logo.png\",\"width\":283,\"height\":51,\"caption\":\"Moto Power Naxos\"},\"image\":{\"@id\":\"https:\/\/motopower-naxos.com\/de\/#\/schema\/logo\/image\/\"}}]}<\/script>\n<!-- \/ Yoast SEO plugin. -->","yoast_head_json":{"title":"H\u00e4ufig gestellte Fragen | MOTO POWER","robots":{"index":"index","follow":"follow","max-snippet":"max-snippet:-1","max-image-preview":"max-image-preview:large","max-video-preview":"max-video-preview:-1"},"canonical":"https:\/\/motopower-naxos.com\/de\/faqs\/","og_locale":"de_DE","og_type":"article","og_title":"H\u00e4ufig gestellte Fragen | MOTO POWER","og_description":"Ein g\u00fcltiger F\u00fchrerschein, der seit mindestens einem Jahr g\u00fcltig ist, wird ben\u00f6tigt. Die minimale Mietdauer betr\u00e4gt einen Tag. Eine Kreditkarte ist f\u00fcr die Fahrzeugmiete erforderlich, ... Read more","og_url":"https:\/\/motopower-naxos.com\/de\/faqs\/","og_site_name":"MOTO POWER","article_modified_time":"2025-03-31T10:02:22+00:00","og_image":[{"width":1920,"height":500,"url":"https:\/\/motopower-naxos.com\/wp-content\/uploads\/2024\/10\/about-hero.jpg","type":"image\/jpeg"}],"twitter_card":"summary_large_image","twitter_misc":{"Gesch\u00e4tzte Lesezeit":"1 Minute"},"schema":{"@context":"https:\/\/schema.org","@graph":[{"@type":"WebPage","@id":"https:\/\/motopower-naxos.com\/de\/faqs\/","url":"https:\/\/motopower-naxos.com\/de\/faqs\/","name":"H\u00e4ufig gestellte Fragen | MOTO POWER","isPartOf":{"@id":"https:\/\/motopower-naxos.com\/de\/#website"},"primaryImageOfPage":{"@id":"https:\/\/motopower-naxos.com\/de\/faqs\/#primaryimage"},"image":{"@id":"https:\/\/motopower-naxos.com\/de\/faqs\/#primaryimage"},"thumbnailUrl":"https:\/\/motopower-naxos.com\/wp-content\/uploads\/2024\/10\/about-hero.jpg","datePublished":"2024-10-23T11:55:52+00:00","dateModified":"2025-03-31T10:02:22+00:00","breadcrumb":{"@id":"https:\/\/motopower-naxos.com\/de\/faqs\/#breadcrumb"},"inLanguage":"de","potentialAction":[{"@type":"ReadAction","target":["https:\/\/motopower-naxos.com\/de\/faqs\/"]}]},{"@type":"ImageObject","inLanguage":"de","@id":"https:\/\/motopower-naxos.com\/de\/faqs\/#primaryimage","url":"https:\/\/motopower-naxos.com\/wp-content\/uploads\/2024\/10\/about-hero.jpg","contentUrl":"https:\/\/motopower-naxos.com\/wp-content\/uploads\/2024\/10\/about-hero.jpg","width":1920,"height":500},{"@type":"BreadcrumbList","@id":"https:\/\/motopower-naxos.com\/de\/faqs\/#breadcrumb","itemListElement":[{"@type":"ListItem","position":1,"name":"Home","item":"https:\/\/motopower-naxos.com\/de\/"},{"@type":"ListItem","position":2,"name":"H\u00e4ufig gestellte Fragen"}]},{"@type":"WebSite","@id":"https:\/\/motopower-naxos.com\/de\/#website","url":"https:\/\/motopower-naxos.com\/de\/","name":"Moto Power Naxos","description":"","publisher":{"@id":"https:\/\/motopower-naxos.com\/de\/#organization"},"alternateName":"Moto Power Rent A Car Naxos","potentialAction":[{"@type":"SearchAction","target":{"@type":"EntryPoint","urlTemplate":"https:\/\/motopower-naxos.com\/de\/?s={search_term_string}"},"query-input":{"@type":"PropertyValueSpecification","valueRequired":true,"valueName":"search_term_string"}}],"inLanguage":"de"},{"@type":"Organization","@id":"https:\/\/motopower-naxos.com\/de\/#organization","name":"Moto Power Naxos","url":"https:\/\/motopower-naxos.com\/de\/","logo":{"@type":"ImageObject","inLanguage":"de","@id":"https:\/\/motopower-naxos.com\/de\/#\/schema\/logo\/image\/","url":"https:\/\/motopower-naxos.com\/wp-content\/uploads\/2024\/10\/logo.png","contentUrl":"https:\/\/motopower-naxos.com\/wp-content\/uploads\/2024\/10\/logo.png","width":283,"height":51,"caption":"Moto Power Naxos"},"image":{"@id":"https:\/\/motopower-naxos.com\/de\/#\/schema\/logo\/image\/"}}]}},"_links":{"self":[{"href":"https:\/\/motopower-naxos.com\/de\/wp-json\/wp\/v2\/pages\/1517","targetHints":{"allow":["GET"]}}],"collection":[{"href":"https:\/\/motopower-naxos.com\/de\/wp-json\/wp\/v2\/pages"}],"about":[{"href":"https:\/\/motopower-naxos.com\/de\/wp-json\/wp\/v2\/types\/page"}],"author":[{"embeddable":true,"href":"https:\/\/motopower-naxos.com\/de\/wp-json\/wp\/v2\/users\/13"}],"replies":[{"embeddable":true,"href":"https:\/\/motopower-naxos.com\/de\/wp-json\/wp\/v2\/comments?post=1517"}],"version-history":[{"count":3,"href":"https:\/\/motopower-naxos.com\/de\/wp-json\/wp\/v2\/pages\/1517\/revisions"}],"predecessor-version":[{"id":1877,"href":"https:\/\/motopower-naxos.com\/de\/wp-json\/wp\/v2\/pages\/1517\/revisions\/1877"}],"wp:featuredmedia":[{"embeddable":true,"href":"https:\/\/motopower-naxos.com\/de\/wp-json\/wp\/v2\/media\/684"}],"wp:attachment":[{"href":"https:\/\/motopower-naxos.com\/de\/wp-json\/wp\/v2\/media?parent=1517"}],"curies":[{"name":"wp","href":"https:\/\/api.w.org\/{rel}","templated":true}]}}